{"id":224,"date":"2023-03-12T15:53:16","date_gmt":"2023-03-12T12:53:16","guid":{"rendered":"https:\/\/www.kucukgeris.net\/?page_id=224"},"modified":"2023-03-12T17:45:43","modified_gmt":"2023-03-12T14:45:43","slug":"necati-dedeoglu","status":"publish","type":"page","link":"https:\/\/www.kucukgeris.net\/?page_id=224","title":{"rendered":"Necati Dedeo\u011flu"},"content":{"rendered":"\n<div class=\"wp-block-columns is-layout-flex wp-container-core-columns-is-layout-9d6595d7 wp-block-columns-is-layout-flex\">\n<div class=\"wp-block-column is-layout-flow wp-block-column-is-layout-flow\" style=\"flex-basis:33.33%\"><div class=\"wp-block-image\">\n<figure class=\"aligncenter size-large\"><img decoding=\"async\" src=\"https:\/\/www.kucukgeris.net\/iz\/deger\/nd01.jpg\" alt=\"Necati Dedeo\u011flu\"\/><figcaption class=\"wp-element-caption\"><em>Necati Dedeo\u011flu<\/em><\/figcaption><\/figure>\n<\/div>\n\n\n<p class=\"has-black-color has-text-color has-medium-font-size\"><em>K\u00f6y\u00fcm\u00fczden yeti\u015fen ilk \u00f6\u011fretmenlerden biri de Sevgili Necati Dedeo\u011flu, K\u00fc\u00e7\u00fckgeri\u015fimize hizmet etmeyi en b\u00fcy\u00fck gaye edinmi\u015f ve gen\u00e7leri okumay\u0131 \u00f6zendirici \u00f6rnek davran\u0131\u015flar\u0131yla da hep \u00f6nder olmu\u015ftur. B\u00f6ylesine asilane giri\u015fimleriyle takdir edilen ve hepimizin tevecc\u00fchlerine mazhar olan de\u011ferli Necati Dedeo\u011flu, 30 y\u0131ll\u0131k meslek hayat\u0131nda yeti\u015ftirdi\u011fi y\u00fczlerce insan yurdumuzun de\u011fi\u015fik yerlerinde ve de\u011fi\u015fik mesleklerde T\u00fcrkiyemize ve milletimize hizmet etmektedir. K\u00fc\u00e7\u00fckgeri\u015fimizdeki de\u011fi\u015fimin \u00f6nc\u00fclerinden olan K\u0131ymetli Necati Dedeo\u011flu \u00f6\u011fretmenimizi sayg\u0131yla her zaman takdir ediyor ve kendilerine b\u00fct\u00fcn emek ve hizmetleri i\u00e7in g\u00f6n\u00fcl dolusu te\u015fekk\u00fcrler ediyoruz.<\/em><\/p>\n<\/div>\n\n\n\n<div class=\"wp-block-column has-white-color has-text-color has-background is-layout-flow wp-block-column-is-layout-flow\" style=\"background-color:#dcdcdc;flex-basis:66.66%;padding-top:25px;padding-left:25px;padding-right:15px;border:1px solid #999;box-shadow:0 4px 8px 0 #111;\">\n\n<p class=\"has-black-color has-text-color has-medium-font-size\">14 Temmuz 1945 tarihinde K\u00fc\u00e7\u00fckgeri\u015f K\u00f6y\u00fc\u2019nde d\u00fcnyaya geldim. \u0130lkokulu kendi k\u00f6y\u00fcmde okudum. Nihat Torlak, Salih \u00c7oban okul arkada\u015flar\u0131md\u0131. Sonra babam beni Ke\u015fap Ortaokulu\u2019na kaydettirdi. K\u00fc\u00e7\u00fckgeri\u015f K\u00f6y\u00fc\u2019nden ortaokula ilk giden \u00f6\u011frenci bendim. Sonra Giresun\u2019a K\u0131z \u0130lk\u00f6\u011fretmen Okulu a\u00e7\u0131ld\u0131. Ortaokulu bitirince s\u0131nav\u0131na girdim ve kazand\u0131m. \u015eimdi o binada Mithatpa\u015fa \u0130lk\u00f6\u011fretim Okulu var. 1\u2019inci s\u0131n\u0131fta Kamil S\u00f6nmez okul arkada\u015f\u0131m\u0131zd\u0131. 2\u2019nci s\u0131n\u0131fta okuldan ayr\u0131ld\u0131 ve konservatuvara gitti. Okul m\u00fcd\u00fcr\u00fcm\u00fcz Ramazan T\u00fckenmez\u2019di.<\/p>\n\n\n<div class=\"wp-block-columns is-layout-flex wp-container-core-columns-is-layout-9d6595d7 wp-block-columns-is-layout-flex\">\n\n<div class=\"wp-block-column is-layout-flow wp-block-column-is-layout-flow\"><\/div>\n\n<\/div>\n\n\n<p><\/p>\n\n\n<p class=\"has-black-color has-text-color has-medium-font-size\">1964-65 \u00f6\u011fretim y\u0131l\u0131 Haziran ay\u0131nda mezun olduk ve Temmuz ay\u0131nda da tayinlerimiz yap\u0131ld\u0131. \u0130lk tayinim depo tayini olarak Samsun\u2019a yap\u0131ld\u0131. \u0130l i\u00e7inde yap\u0131lan tayin ile de Kavak \u0130l\u00e7esi Beybesli K\u00f6y\u00fc\u2019ne g\u00f6nderildim. Askerli\u011fimi 4 ay s\u00fcreli olarak Isparta Er E\u011fitim Tugay\u0131\u2019nda yapt\u0131m. Sonra s\u0131ras\u0131yla Espiye Avluca Yenik\u00f6y\u2019de 2 y\u0131l, Ke\u015fap Karabulduk Nahiyesi Halkal\u0131 K\u00f6y\u00fc\u2019nde 10 y\u0131l\u0131 m\u00fcd\u00fcrl\u00fck olmak \u00fczere 15 y\u0131l, Ke\u015fap G\u00fcneyk\u00f6y\u2019de 4 y\u0131l, Giresun Merkez Mithatpa\u015fa \u0130lkokulu\u2019nda 4 y\u0131l, Tirebolu A\u015fa\u011f\u0131boynuyo\u011fun K\u00f6y\u00fc \u0130billi Mahallesi\u2019nde (sonradan ayr\u0131larak Kayalar K\u00f6y\u00fc ad\u0131n\u0131 ald\u0131) 1 y\u0131l \u00e7al\u0131\u015ft\u0131m. Sonra bakanl\u0131k de\u011fi\u015ftirdim ve SH\u00c7EK Giresun Yeti\u015ftirme Yurdu\u2019nda rehber \u00f6\u011fretmen olarak 3 y\u0131l hizmet verdim. 1995 y\u0131l\u0131nda 30 y\u0131l hizmet vermi\u015f bir \u00f6\u011fretmen olarak emekli oldum. 2002 y\u0131l\u0131 30 Nisan g\u00fcn\u00fc k\u00f6yde a\u011fa\u00e7 keserken bir kaza ge\u00e7irdim ve omurili\u011fim zedelendi. \u015eu anda K\u00fc\u00e7\u00fckgeri\u015f K\u00f6y\u00fc\u2019nde ikamet etmekteyim.<\/p>\n\n\n<div class=\"wp-block-columns is-layout-flex wp-container-core-columns-is-layout-9d6595d7 wp-block-columns-is-layout-flex\">\n\n<div class=\"wp-block-column is-layout-flow wp-block-column-is-layout-flow\">\n\n<div class=\"wp-block-columns is-layout-flex wp-container-core-columns-is-layout-9d6595d7 wp-block-columns-is-layout-flex\">\n\n<div class=\"wp-block-column is-layout-flow wp-block-column-is-layout-flow\" style=\"flex-basis:20%\">\n\n<figure class=\"wp-block-image size-large is-style-rounded\"><img decoding=\"async\" src=\"https:\/\/www.kucukgeris.net\/iz\/deger\/nd2023k.png\" alt=\"\"\/><\/figure>\n\n<\/div>\n\n\n<div class=\"wp-block-column is-layout-flow wp-block-column-is-layout-flow\" style=\"flex-basis:80%\">\n\n<div class=\"wp-block-columns is-layout-flex wp-container-core-columns-is-layout-9d6595d7 wp-block-columns-is-layout-flex\">\n\n<div class=\"wp-block-column is-layout-flow wp-block-column-is-layout-flow\">\n\n<div class=\"wp-block-columns is-layout-flex wp-container-core-columns-is-layout-9d6595d7 wp-block-columns-is-layout-flex\">\n\n<div class=\"wp-block-column is-layout-flow wp-block-column-is-layout-flow\"><\/div>\n\n<\/div>\n\n\n<p class=\"has-black-color has-text-color has-medium-font-size\">Necati Dedeo\u011flu<\/p>\n\n\n<p class=\"has-black-color has-text-color\"><em>Emekli \u00d6\u011fretmen<\/em><\/p>\n\n<\/div>\n\n<\/div>\n\n<\/div>\n\n<\/div>\n\n<\/div>\n\n<\/div>\n\n<\/div>\n<\/div>\n","protected":false},"excerpt":{"rendered":"<p>K\u00f6y\u00fcm\u00fczden yeti\u015fen ilk \u00f6\u011fretmenlerden biri de Sevgili Necati Dedeo\u011flu, K\u00fc\u00e7\u00fckgeri\u015fimize hizmet etmeyi en b\u00fcy\u00fck gaye edinmi\u015f ve gen\u00e7leri okumay\u0131 \u00f6zendirici \u00f6rnek davran\u0131\u015flar\u0131yla da hep \u00f6nder olmu\u015ftur. B\u00f6ylesine asilane giri\u015fimleriyle takdir edilen ve hepimizin tevecc\u00fchlerine mazhar olan de\u011ferli Necati Dedeo\u011flu, 30 y\u0131ll\u0131k meslek hayat\u0131nda yeti\u015ftirdi\u011fi y\u00fczlerce insan yurdumuzun de\u011fi\u015fik yerlerinde ve de\u011fi\u015fik mesleklerde T\u00fcrkiyemize ve milletimize<\/p>\n","protected":false},"author":1,"featured_media":0,"parent":0,"menu_order":0,"comment_status":"closed","ping_status":"closed","template":"page-fullwidth.php","meta":{"footnotes":""},"class_list":["post-224","page","type-page","status-publish","hentry"],"_links":{"self":[{"href":"https:\/\/www.kucukgeris.net\/index.php?rest_route=\/wp\/v2\/pages\/224","targetHints":{"allow":["GET"]}}],"collection":[{"href":"https:\/\/www.kucukgeris.net\/index.php?rest_route=\/wp\/v2\/pages"}],"about":[{"href":"https:\/\/www.kucukgeris.net\/index.php?rest_route=\/wp\/v2\/types\/page"}],"author":[{"embeddable":true,"href":"https:\/\/www.kucukgeris.net\/index.php?rest_route=\/wp\/v2\/users\/1"}],"replies":[{"embeddable":true,"href":"https:\/\/www.kucukgeris.net\/index.php?rest_route=%2Fwp%2Fv2%2Fcomments&post=224"}],"version-history":[{"count":0,"href":"https:\/\/www.kucukgeris.net\/index.php?rest_route=\/wp\/v2\/pages\/224\/revisions"}],"wp:attachment":[{"href":"https:\/\/www.kucukgeris.net\/index.php?rest_route=%2Fwp%2Fv2%2Fmedia&parent=224"}],"curies":[{"name":"wp","href":"https:\/\/api.w.org\/{rel}","templated":true}]}}