{"id":233,"date":"2023-03-12T22:59:05","date_gmt":"2023-03-12T19:59:05","guid":{"rendered":"https:\/\/www.kucukgeris.net\/?page_id=233"},"modified":"2023-03-12T23:05:59","modified_gmt":"2023-03-12T20:05:59","slug":"hayrettin-yavuz","status":"publish","type":"page","link":"https:\/\/www.kucukgeris.net\/?page_id=233","title":{"rendered":"Hayrettin Yavuz"},"content":{"rendered":"\n<div class=\"wp-block-columns is-layout-flex wp-container-core-columns-is-layout-9d6595d7 wp-block-columns-is-layout-flex\">\n<div class=\"wp-block-column is-layout-flow wp-block-column-is-layout-flow\" style=\"flex-basis:5%\"><\/div>\n\n\n\n<div class=\"wp-block-column is-layout-flow wp-block-column-is-layout-flow\" style=\"flex-basis:90%\"><div class=\"wp-block-image\">\n<figure class=\"aligncenter size-large\"><img decoding=\"async\" src=\"https:\/\/www.kucukgeris.net\/iz\/deger\/hy12032023f1.jpg\" alt=\"Hayrettin Yavuz, 36 y\u0131l\u0131 k\u00f6y\u00fcm\u00fcz \u00c7apar ve Merkez camileri olmak \u00fczere 45 y\u0131l imam hatiplik yapt\u0131.\"\/><figcaption class=\"wp-element-caption\"><strong><em>Hayrettin Yavuz, 36 y\u0131l\u0131 k\u00f6y\u00fcm\u00fcz \u00c7apar ve Merkez camileri olmak \u00fczere 45 y\u0131l imam hatiplik yapt\u0131.<\/em><\/strong><\/figcaption><\/figure>\n<\/div><\/div>\n\n\n\n<div class=\"wp-block-column is-layout-flow wp-block-column-is-layout-flow\" style=\"flex-basis:5%\"><\/div>\n<\/div>\n\n\n\n<div class=\"wp-block-columns is-layout-flex wp-container-core-columns-is-layout-9d6595d7 wp-block-columns-is-layout-flex\">\n<div class=\"wp-block-column is-layout-flow wp-block-column-is-layout-flow\" style=\"flex-basis:33.33%\"><div class=\"wp-block-image\">\n<figure class=\"aligncenter size-large\"><img decoding=\"async\" src=\"https:\/\/www.kucukgeris.net\/iz\/deger\/hy11082021f01.jpg\" alt=\"Hayrettin Yavuz\nEmekli \u0130mam\u0131m\u0131z)\"\/><figcaption class=\"wp-element-caption\"><strong><em>Hayrettin Yavuz<br>(Emekli \u0130mam)<\/em><\/strong><\/figcaption><\/figure>\n<\/div>\n\n\n<p class=\"has-black-color has-text-color has-medium-font-size\"><em>K\u00f6y\u00fcm\u00fczden yeti\u015fen manevi \u00f6nderlerimizden Sevgili Hayrettin Yavuz, 36 y\u0131l\u0131 k\u00f6y\u00fcm\u00fcz \u00c7apar ve Merkez Camileri olmak \u00fczere 45 y\u0131ll\u0131k imam hatiplik mesle\u011finden emekli oldu. Y\u0131llarca manevi d\u00fcnyam\u0131z\u0131 ayd\u0131nlatan, din\u00ee konularda ve vecibelerde rehberlik ve \u00f6nderlik eden k\u0131ymetli Hayrettin Yavuz hocam\u0131z\u0131 sayg\u0131yla her zaman takdir, b\u00fct\u00fcn emek ve hizmetleri i\u00e7in g\u00f6n\u00fcl dolusu te\u015fekk\u00fcrler ediyor; kendisine mutluluk, sa\u011fl\u0131k, esenlik dolu bir \u00f6m\u00fcr diliyoruz.<\/em><\/p>\n<\/div>\n\n\n\n<div class=\"wp-block-column has-white-color has-text-color has-background is-layout-flow wp-block-column-is-layout-flow\" style=\"background-color:#dcdcdc;flex-basis:66.66%;padding-top:25px;padding-left:25px;padding-right:15px;border:1px solid #999;box-shadow:0 4px 8px 0 #111;\">\n\n<p class=\"has-black-color has-text-color has-medium-font-size\">Hayrettin Yavuz, 15 May\u0131s 1957 tarihinde K\u00fc\u00e7\u00fckgeri\u015f K\u00f6y\u00fc\u2019nde do\u011fdu. \u0130lkokulu k\u00f6yde, ortaokulu Giresun \u0130mam Hatip Lisesi Orta K\u0131s\u0131m\u2019da tamamlad\u0131. 1976 \u2013 1977 \u00f6\u011fretim y\u0131l\u0131nda Trabzon \u0130mam Hatip Lisesi\u2019nden mezun oldu.<\/p>\n\n\n<p class=\"has-black-color has-text-color has-medium-font-size\">25 Ekim 1977 tarihinde Giresun Dereli Kunuklu K\u00f6y\u00fc \u0130mam\u0131 olarak g\u00f6reve ba\u015fayan Hayrettin Yavuz, 23 \u015eubat 1986 tarihinde k\u00f6y\u00fcm\u00fcze \u00c7apar Mahallesi Camii \u0130mam\u0131 olarak nakille geldi.<\/p>\n\n\n<p class=\"has-black-color has-text-color has-medium-font-size\">15 May\u0131s 2001 tarihinden itibaren Merkez Mahallesi \u0130mam\u0131 olarak g\u00f6revine ba\u015flayan ve 45 y\u0131ll\u0131k kutsal vazifesinden 2022 y\u0131l\u0131 Ekim ay\u0131nda emekli olan Hayrettin Yavuz hocam\u0131z, evli ve 5 \u00e7ocuk babas\u0131d\u0131r.<\/p>\n\n\n<p class=\"has-black-color has-text-color has-medium-font-size\">Hayrettin Yavuz hocam\u0131za yapt\u0131\u011f\u0131 de\u011ferli hizmetleri ve eme\u011fi i\u00e7in y\u00fcrek dolusu te\u015fekk\u00fcrler ediyor; kendisine mutluluk, sa\u011fl\u0131k, esenlik dolu bir \u00f6m\u00fcr diliyoruz.<\/p>\n\n<\/div>\n<\/div>\n\n\n\n<div class=\"wp-block-columns is-layout-flex wp-container-core-columns-is-layout-9d6595d7 wp-block-columns-is-layout-flex\">\n<div class=\"wp-block-column is-layout-flow wp-block-column-is-layout-flow\" style=\"flex-basis:5%\"><\/div>\n\n\n\n<div class=\"wp-block-column is-layout-flow wp-block-column-is-layout-flow\" style=\"flex-basis:90%\">\n<figure class=\"wp-block-image size-large\"><img decoding=\"async\" src=\"https:\/\/www.kucukgeris.net\/iz\/deger\/hy12032023f2.jpg\" alt=\"Y\u0131llarca manevi d\u00fcnyam\u0131z\u0131 ayd\u0131nlatan Hayrettin Yavuz, din\u00ee konularda ve vecibelerde K\u00fc\u00e7\u00fckgeri\u015flilere rehberlik ve \u00f6nderlik etti.\"\/><figcaption class=\"wp-element-caption\"><strong><em>Y\u0131llarca manevi d\u00fcnyam\u0131z\u0131 ayd\u0131nlatan Hayrettin Yavuz, din\u00ee konularda ve vecibelerde K\u00fc\u00e7\u00fckgeri\u015flilere rehberlik ve \u00f6nderlik etti.<\/em><\/strong><\/figcaption><\/figure>\n<\/div>\n\n\n\n<div class=\"wp-block-column is-layout-flow wp-block-column-is-layout-flow\" style=\"flex-basis:5%\"><\/div>\n<\/div>\n\n\n\n<div class=\"wp-block-columns is-layout-flex wp-container-core-columns-is-layout-9d6595d7 wp-block-columns-is-layout-flex\">\n<div class=\"wp-block-column is-layout-flow wp-block-column-is-layout-flow\" style=\"flex-basis:10%\"><\/div>\n\n\n\n<div class=\"wp-block-column is-layout-flow wp-block-column-is-layout-flow\" style=\"flex-basis:80%\">\n<h3 class=\"has-text-align-center wp-block-heading\">Hayrettin Yavuz\u2019un Bayram Sohbeti<\/h3>\n\n\n\n<figure class=\"wp-block-embed aligncenter is-type-video is-provider-youtube wp-block-embed-youtube wp-embed-aspect-16-9 wp-has-aspect-ratio\"><div class=\"wp-block-embed__wrapper\">\n<iframe loading=\"lazy\" title=\"Hayrettin Yavuz Bayram Sohbeti\" width=\"630\" height=\"354\" src=\"https:\/\/www.youtube.com\/embed\/-XwnZ5YK5U4?feature=oembed\" frameborder=\"0\" allow=\"accelerometer; autoplay; clipboard-write; encrypted-media; gyroscope; picture-in-picture; web-share\" referrerpolicy=\"strict-origin-when-cross-origin\" allowfullscreen><\/iframe>\n<\/div><figcaption class=\"wp-element-caption\"><strong><em>Bayram sohbetinde Hayrettin Yavuz hoca, emekli olaca\u011f\u0131ndan dolay\u0131 cemaate veda etti. (2 May\u0131s 2022 Pazartesi, G\u00f6r\u00fcnt\u00fc : Ula\u015f Ersin \u00dcnl\u00fc, te\u015fekk\u00fcrlerimizle.)<\/em><\/strong><\/figcaption><\/figure>\n\n\n\n<div class=\"wp-block-columns is-layout-flex wp-container-core-columns-is-layout-9d6595d7 wp-block-columns-is-layout-flex\">\n<div class=\"wp-block-column is-layout-flow wp-block-column-is-layout-flow\"><\/div>\n<\/div>\n\n\n<div class=\"wp-block-image\">\n<figure class=\"aligncenter size-large\"><img decoding=\"async\" src=\"https:\/\/www.kucukgeris.net\/iz\/deger\/hy12032023f3.jpg\" alt=\"K\u00fc\u00e7\u00fckgeri\u015f K\u00f6y\u00fc Merkez Camii in\u015faat\u0131n\u0131n her a\u015famas\u0131nda Hayrettin Yavuz, fiziki ve bedenen \u00e7al\u0131\u015ft\u0131.\"\/><figcaption class=\"wp-element-caption\"><strong><em>K\u00fc\u00e7\u00fckgeri\u015f K\u00f6y\u00fc Merkez Camii in\u015faat\u0131n\u0131n her a\u015famas\u0131nda Hayrettin Yavuz, fiziki ve bedenen \u00e7al\u0131\u015ft\u0131.<\/em><\/strong><\/figcaption><\/figure>\n<\/div>\n\n\n<div class=\"wp-block-columns is-layout-flex wp-container-core-columns-is-layout-9d6595d7 wp-block-columns-is-layout-flex\">\n<div class=\"wp-block-column is-layout-flow wp-block-column-is-layout-flow\"><\/div>\n<\/div>\n\n\n<div class=\"wp-block-image\">\n<figure class=\"aligncenter size-large\"><img decoding=\"async\" src=\"https:\/\/www.kucukgeris.net\/iz\/deger\/hy12032023f4.jpg\" alt=\"Hayrettin Yavuz, hem manevi hizmetleri hem camimizin yap\u0131m\u0131ndaki emeklerinden dolay\u0131 k\u00f6yl\u00fcm\u00fcz\u00fcn kalplerinde ayr\u0131 bir yer edindi.\"\/><figcaption class=\"wp-element-caption\"><strong><em>Hayrettin Yavuz, hem manevi hizmetleri hem camimizin yap\u0131m\u0131ndaki emeklerinden dolay\u0131 k\u00f6yl\u00fcm\u00fcz\u00fcn kalplerinde ayr\u0131 bir yer edindi.<\/em><\/strong><\/figcaption><\/figure>\n<\/div><\/div>\n\n\n\n<div class=\"wp-block-column is-layout-flow wp-block-column-is-layout-flow\" style=\"flex-basis:10%\"><\/div>\n<\/div>\n","protected":false},"excerpt":{"rendered":"<p>K\u00f6y\u00fcm\u00fczden yeti\u015fen manevi \u00f6nderlerimizden Sevgili Hayrettin Yavuz, 36 y\u0131l\u0131 k\u00f6y\u00fcm\u00fcz \u00c7apar ve Merkez Camileri olmak \u00fczere 45 y\u0131ll\u0131k imam hatiplik mesle\u011finden emekli oldu. Y\u0131llarca manevi d\u00fcnyam\u0131z\u0131 ayd\u0131nlatan, din\u00ee konularda ve vecibelerde rehberlik ve \u00f6nderlik eden k\u0131ymetli Hayrettin Yavuz hocam\u0131z\u0131 sayg\u0131yla her zaman takdir, b\u00fct\u00fcn emek ve hizmetleri i\u00e7in g\u00f6n\u00fcl dolusu te\u015fekk\u00fcrler ediyor; kendisine mutluluk, sa\u011fl\u0131k,<\/p>\n","protected":false},"author":1,"featured_media":0,"parent":0,"menu_order":0,"comment_status":"closed","ping_status":"closed","template":"page-fullwidth.php","meta":{"footnotes":""},"class_list":["post-233","page","type-page","status-publish","hentry"],"_links":{"self":[{"href":"https:\/\/www.kucukgeris.net\/index.php?rest_route=\/wp\/v2\/pages\/233","targetHints":{"allow":["GET"]}}],"collection":[{"href":"https:\/\/www.kucukgeris.net\/index.php?rest_route=\/wp\/v2\/pages"}],"about":[{"href":"https:\/\/www.kucukgeris.net\/index.php?rest_route=\/wp\/v2\/types\/page"}],"author":[{"embeddable":true,"href":"https:\/\/www.kucukgeris.net\/index.php?rest_route=\/wp\/v2\/users\/1"}],"replies":[{"embeddable":true,"href":"https:\/\/www.kucukgeris.net\/index.php?rest_route=%2Fwp%2Fv2%2Fcomments&post=233"}],"version-history":[{"count":0,"href":"https:\/\/www.kucukgeris.net\/index.php?rest_route=\/wp\/v2\/pages\/233\/revisions"}],"wp:attachment":[{"href":"https:\/\/www.kucukgeris.net\/index.php?rest_route=%2Fwp%2Fv2%2Fmedia&parent=233"}],"curies":[{"name":"wp","href":"https:\/\/api.w.org\/{rel}","templated":true}]}}