{"id":281,"date":"2023-03-20T00:52:41","date_gmt":"2023-03-19T21:52:41","guid":{"rendered":"https:\/\/www.kucukgeris.net\/?page_id=281"},"modified":"2023-03-20T00:52:41","modified_gmt":"2023-03-19T21:52:41","slug":"degerlerimiz","status":"publish","type":"page","link":"https:\/\/www.kucukgeris.net\/?page_id=281","title":{"rendered":"De\u011ferlerimiz"},"content":{"rendered":"\n<div class=\"wp-block-columns is-layout-flex wp-container-core-columns-is-layout-9d6595d7 wp-block-columns-is-layout-flex\">\n<div class=\"wp-block-column is-layout-flow wp-block-column-is-layout-flow\" style=\"flex-basis:10%\"><\/div>\n\n\n\n<div class=\"wp-block-column is-layout-flow wp-block-column-is-layout-flow\" style=\"flex-basis:80%\"><div class=\"wp-block-image\">\n<figure class=\"aligncenter size-large\"><a href=\"https:\/\/www.kucukgeris.net\/?page_id=35\"><img decoding=\"async\" src=\"https:\/\/www.kucukgeris.net\/iz\/deger\/dgr01sy.jpg\" alt=\"\u015e\u00fckr\u00fc Yayla\"\/><\/a><\/figure>\n<\/div>\n\n\n<div class=\"wp-block-columns is-layout-flex wp-container-core-columns-is-layout-9d6595d7 wp-block-columns-is-layout-flex\">\n<div class=\"wp-block-column is-layout-flow wp-block-column-is-layout-flow\"><\/div>\n<\/div>\n\n\n<div class=\"wp-block-image\">\n<figure class=\"aligncenter size-large\"><a href=\"https:\/\/www.kucukgeris.net\/?page_id=43\"><img decoding=\"async\" src=\"https:\/\/www.kucukgeris.net\/iz\/deger\/dgr02rt.jpg\" alt=\"R\u00fc\u015ft\u00fc Torlak\"\/><\/a><\/figure>\n<\/div>\n\n\n<div class=\"wp-block-columns is-layout-flex wp-container-core-columns-is-layout-9d6595d7 wp-block-columns-is-layout-flex\">\n<div class=\"wp-block-column is-layout-flow wp-block-column-is-layout-flow\"><\/div>\n<\/div>\n\n\n<div class=\"wp-block-image\">\n<figure class=\"aligncenter size-large\"><a href=\"https:\/\/www.kucukgeris.net\/?page_id=49\"><img decoding=\"async\" src=\"https:\/\/www.kucukgeris.net\/iz\/deger\/dgr03cy.jpg\" alt=\"Cengiz Yaylam\u0131\u015f\"\/><\/a><\/figure>\n<\/div>\n\n\n<div class=\"wp-block-columns is-layout-flex wp-container-core-columns-is-layout-9d6595d7 wp-block-columns-is-layout-flex\">\n<div class=\"wp-block-column is-layout-flow wp-block-column-is-layout-flow\"><\/div>\n<\/div>\n\n\n<div class=\"wp-block-image\">\n<figure class=\"aligncenter size-large\"><a href=\"https:\/\/www.kucukgeris.net\/?page_id=189\"><img decoding=\"async\" src=\"https:\/\/www.kucukgeris.net\/iz\/deger\/dgr04st.jpg\" alt=\"Sad\u0131k Torlak\"\/><\/a><\/figure>\n<\/div>\n\n\n<div class=\"wp-block-columns is-layout-flex wp-container-core-columns-is-layout-9d6595d7 wp-block-columns-is-layout-flex\">\n<div class=\"wp-block-column is-layout-flow wp-block-column-is-layout-flow\"><\/div>\n<\/div>\n\n\n<div class=\"wp-block-image\">\n<figure class=\"aligncenter size-large\"><a href=\"https:\/\/www.kucukgeris.net\/?page_id=204\"><img decoding=\"async\" src=\"https:\/\/www.kucukgeris.net\/iz\/deger\/dgr05nk.jpg\" alt=\"Nevzat Kutluhan\"\/><\/a><\/figure>\n<\/div>\n\n\n<div class=\"wp-block-columns is-layout-flex wp-container-core-columns-is-layout-9d6595d7 wp-block-columns-is-layout-flex\">\n<div class=\"wp-block-column is-layout-flow wp-block-column-is-layout-flow\"><\/div>\n<\/div>\n\n\n<div class=\"wp-block-image\">\n<figure class=\"aligncenter size-large\"><a href=\"https:\/\/www.kucukgeris.net\/?page_id=224\"><img decoding=\"async\" src=\"https:\/\/www.kucukgeris.net\/iz\/deger\/dgr06nd.jpg\" alt=\"Necati Dedeo\u011flu\"\/><\/a><\/figure>\n<\/div>\n\n\n<div class=\"wp-block-columns is-layout-flex wp-container-core-columns-is-layout-9d6595d7 wp-block-columns-is-layout-flex\">\n<div class=\"wp-block-column is-layout-flow wp-block-column-is-layout-flow\"><\/div>\n<\/div>\n\n\n<div class=\"wp-block-image\">\n<figure class=\"aligncenter size-large\"><a href=\"https:\/\/www.kucukgeris.net\/?page_id=233\"><img decoding=\"async\" src=\"https:\/\/www.kucukgeris.net\/iz\/deger\/dgr07hy.jpg\" alt=\"Hayrettin Yavuz\"\/><\/a><\/figure>\n<\/div>\n\n\n<div class=\"wp-block-columns is-layout-flex wp-container-core-columns-is-layout-9d6595d7 wp-block-columns-is-layout-flex\">\n<div class=\"wp-block-column is-layout-flow wp-block-column-is-layout-flow\"><\/div>\n<\/div>\n\n\n<div class=\"wp-block-image\">\n<figure class=\"aligncenter size-large\"><a href=\"https:\/\/www.kucukgeris.net\/?page_id=239\"><img decoding=\"async\" src=\"https:\/\/www.kucukgeris.net\/iz\/deger\/dgr08hg.jpg\" alt=\"H\u00fcseyin G\u00fcnayd\u0131n\"\/><\/a><\/figure>\n<\/div>\n\n\n<div class=\"wp-block-columns is-layout-flex wp-container-core-columns-is-layout-9d6595d7 wp-block-columns-is-layout-flex\">\n<div class=\"wp-block-column is-layout-flow wp-block-column-is-layout-flow\"><\/div>\n<\/div>\n\n\n<div class=\"wp-block-image\">\n<figure class=\"aligncenter size-large\"><a href=\"https:\/\/www.kucukgeris.net\/?page_id=246\"><img decoding=\"async\" src=\"https:\/\/www.kucukgeris.net\/iz\/deger\/dgr09fa.jpg\" alt=\"Fatih Ayd\u0131n\"\/><\/a><\/figure>\n<\/div>\n\n\n<div class=\"wp-block-columns is-layout-flex wp-container-core-columns-is-layout-9d6595d7 wp-block-columns-is-layout-flex\">\n<div class=\"wp-block-column is-layout-flow wp-block-column-is-layout-flow\"><\/div>\n<\/div>\n\n\n<div class=\"wp-block-image\">\n<figure class=\"aligncenter size-large\"><a href=\"https:\/\/www.kucukgeris.net\/?page_id=253\"><img decoding=\"async\" src=\"https:\/\/www.kucukgeris.net\/iz\/deger\/dgr10by.jpg\" alt=\"Bora Yazgan\"\/><\/a><\/figure>\n<\/div><\/div>\n\n\n\n<div class=\"wp-block-column is-layout-flow wp-block-column-is-layout-flow\" style=\"flex-basis:10%\"><\/div>\n<\/div>\n","protected":false},"excerpt":{"rendered":"","protected":false},"author":1,"featured_media":0,"parent":0,"menu_order":0,"comment_status":"closed","ping_status":"closed","template":"page-fullwidth.php","meta":{"footnotes":""},"class_list":["post-281","page","type-page","status-publish","hentry"],"_links":{"self":[{"href":"https:\/\/www.kucukgeris.net\/index.php?rest_route=\/wp\/v2\/pages\/281","targetHints":{"allow":["GET"]}}],"collection":[{"href":"https:\/\/www.kucukgeris.net\/index.php?rest_route=\/wp\/v2\/pages"}],"about":[{"href":"https:\/\/www.kucukgeris.net\/index.php?rest_route=\/wp\/v2\/types\/page"}],"author":[{"embeddable":true,"href":"https:\/\/www.kucukgeris.net\/index.php?rest_route=\/wp\/v2\/users\/1"}],"replies":[{"embeddable":true,"href":"https:\/\/www.kucukgeris.net\/index.php?rest_route=%2Fwp%2Fv2%2Fcomments&post=281"}],"version-history":[{"count":0,"href":"https:\/\/www.kucukgeris.net\/index.php?rest_route=\/wp\/v2\/pages\/281\/revisions"}],"wp:attachment":[{"href":"https:\/\/www.kucukgeris.net\/index.php?rest_route=%2Fwp%2Fv2%2Fmedia&parent=281"}],"curies":[{"name":"wp","href":"https:\/\/api.w.org\/{rel}","templated":true}]}}