{"id":31,"date":"2023-03-01T03:45:48","date_gmt":"2023-03-01T00:45:48","guid":{"rendered":"https:\/\/www.kucukgeris.net\/?page_id=31"},"modified":"2023-03-02T02:40:42","modified_gmt":"2023-03-01T23:40:42","slug":"muhtarlarimiz","status":"publish","type":"page","link":"https:\/\/www.kucukgeris.net\/?page_id=31","title":{"rendered":"Muhtarlar\u0131m\u0131z"},"content":{"rendered":"\n<div class=\"wp-block-columns is-layout-flex wp-container-core-columns-is-layout-9d6595d7 wp-block-columns-is-layout-flex\">\n<div class=\"wp-block-column is-layout-flow wp-block-column-is-layout-flow\" style=\"flex-basis:5%\"><\/div>\n\n\n\n<div class=\"wp-block-column is-layout-flow wp-block-column-is-layout-flow\" style=\"flex-basis:90%\"><div class=\"wp-block-image\">\n<figure class=\"aligncenter size-large\"><img decoding=\"async\" src=\"https:\/\/www.kucukgeris.net\/iz\/akis\/img3.jpg\" alt=\"K\u00fc\u00e7\u00fckgeri\u015f \u00c7apar, G\u00fczl\u00fck, Harmanc\u0131k, Merkez mahalleleri.\"\/><figcaption class=\"wp-element-caption\">K\u00fc\u00e7\u00fckgeri\u015f \u00c7apar, G\u00fczl\u00fck, Harmanc\u0131k, Merkez mahalleleri.<\/figcaption><\/figure>\n<\/div><\/div>\n\n\n\n<div class=\"wp-block-column is-layout-flow wp-block-column-is-layout-flow\" style=\"flex-basis:5%\"><\/div>\n<\/div>\n\n\n\n<div class=\"wp-block-columns is-layout-flex wp-container-core-columns-is-layout-9d6595d7 wp-block-columns-is-layout-flex\">\n<div class=\"wp-block-column is-layout-flow wp-block-column-is-layout-flow\" style=\"flex-basis:5%\"><\/div>\n\n\n\n<div class=\"wp-block-column is-layout-flow wp-block-column-is-layout-flow\" style=\"flex-basis:90%\">\n<p class=\"has-black-color has-text-color has-medium-font-size\">K\u00f6y stat\u00fcs\u00fcne kavu\u015ftu\u011fu 1930 y\u0131l\u0131ndan bug\u00fcne K\u00fc\u00e7\u00fckgeri\u015f\u2019te g\u00f6rev yapan muhtarlar\u0131m\u0131z\u2026<\/p>\n<\/div>\n\n\n\n<div class=\"wp-block-column is-layout-flow wp-block-column-is-layout-flow\" style=\"flex-basis:5%\"><\/div>\n<\/div>\n\n\n\n<div class=\"wp-block-columns is-layout-flex wp-container-core-columns-is-layout-9d6595d7 wp-block-columns-is-layout-flex\">\n\n<div class=\"wp-block-column is-layout-flow wp-block-column-is-layout-flow\" style=\"flex-basis:5%\"><\/div>\n\n\n<div class=\"wp-block-column is-layout-flow wp-block-column-is-layout-flow\" style=\"flex-basis:90%\">\n\n\n<figure class=\"wp-block-table is-style-regular\">\n<table class=\"has-fixed-layout\">\n<tbody\">\n<tr>\n<td style=\"font-size:20px; text-align:center; vertical-align:middle; color:#000; background-color:#fff\" colspan=\"3\" width=\"10%\"><i class=\"fas fa-certificate\" aria-hidden=\"true\"><\/i><\/td><td style=\"font-size:20px; text-align: right; vertical-align: middle; color:#000; background-color:#fff\" colspan=\"3\" width=\"15%\"> 1<\/td><td style=\"font-size:20px; text-align: left; vertical-align: middle; color:#000; background-color:#fff\" width=\"75%\">Kamil Akg\u00fcn (1930)<\/br><\/br><font color=\"#333\">(Alata\u015f (Feriz) K\u00f6y\u00fc\u2019nden ayr\u0131larak 1930 y\u0131l\u0131nda k\u00f6y satat\u00fcs\u00fcne ge\u00e7en k\u00f6y\u00fcm\u00fcz\u00fcn ilk muhtar\u0131.)<\/font><\/td>\n<\/tr>\n<tr>\n<td style=\"font-size:20px; text-align:center; vertical-align:middle; color:#000; background-color:#f3f3f3\" colspan=\"3\" width=\"10%\"><i class=\"fas fa-certificate\" aria-hidden=\"true\"><\/i><\/td><td style=\"font-size:20px; text-align: right; vertical-align: middle; color:#000; background-color:#f3f3f3\" colspan=\"3\" width=\"15%\"> 2<\/td><td style=\"font-size:20px; text-align: left; vertical-align: middle; color:#000; background-color:#f3f3f3\" width=\"75%\">Hac\u0131 Ahmet Y\u0131lmaz (&#8230;)<\/td>\n<\/tr>\n<tr>\n<td style=\"font-size:20px; text-align:center; vertical-align:middle; color:#000; background-color:#fff\" colspan=\"3\" width=\"10%\"><i class=\"fas fa-certificate\" aria-hidden=\"true\"><\/i><\/td><td style=\"font-size:20px; text-align: right; vertical-align: middle; color:#000; background-color:#fff\" colspan=\"3\" width=\"15%\"> 3<\/td><td style=\"font-size:20px; text-align: left; vertical-align: middle; color:#000; background-color:#fff\" width=\"75%\">Salih \u00c7i\u00e7ek (&#8230;)<\/td>\n<\/tr>\n<tr>\n<td style=\"font-size:20px; text-align:center; vertical-align:middle; color:#000; background-color:#f3f3f3\" colspan=\"3\" width=\"10%\"><i class=\"fas fa-certificate\" aria-hidden=\"true\"><\/i><\/td><td style=\"font-size:20px; text-align: right; vertical-align: middle; color:#000; background-color:#f3f3f3\" colspan=\"3\" width=\"15%\"> 4<\/td><td style=\"font-size:20px; text-align: left; vertical-align: middle; color:#000; background-color:#f3f3f3\" width=\"75%\">Mehmet Torlak (&#8230;)<\/td>\n<\/tr>\n<tr>\n<td style=\"font-size:20px; text-align:center; vertical-align:middle; color:#000; background-color:#fff\" colspan=\"3\" width=\"10%\"><i class=\"fas fa-certificate\" aria-hidden=\"true\"><\/i><\/td><td style=\"font-size:20px; text-align: right; vertical-align: middle; color:#000; background-color:#fff\" colspan=\"3\" width=\"15%\"> 5<\/td><td style=\"font-size:20px; text-align: left; vertical-align: middle; color:#000; background-color:#fff\" width=\"75%\">Rahmi Kaya (\u00d6\u011fretmen) (&#8230;)<\/td>\n<\/tr>\n<tr>\n<td style=\"font-size:20px; text-align:center; vertical-align:middle; color:#000; background-color:#f3f3f3\" colspan=\"3\" width=\"10%\"><i class=\"fas fa-certificate\" aria-hidden=\"true\"><\/i><\/td><td style=\"font-size:20px; text-align: right; vertical-align: middle; color:#000; background-color:#f3f3f3\" colspan=\"3\" width=\"15%\"> 6<\/td><td style=\"font-size:20px; text-align: left; vertical-align: middle; color:#000; background-color:#f3f3f3\" width=\"75%\">Mehmet Deniz (&#8230;)<\/td>\n<\/tr>\n<tr>\n<td style=\"font-size:20px; text-align:center; vertical-align:middle; color:#000; background-color:#fff\" colspan=\"3\" width=\"10%\"><i class=\"fas fa-certificate\" aria-hidden=\"true\"><\/i><\/td><td style=\"font-size:20px; text-align: right; vertical-align: middle; color:#000; background-color:#fff\" colspan=\"3\" width=\"15%\"> 7<\/td><td style=\"font-size:20px; text-align: left; vertical-align: middle; color:#000; background-color:#fff\" width=\"75%\">Zekeriya Yaman (&#8230;)<\/td>\n<\/tr>\n<tr>\n<td style=\"font-size:20px; text-align:center; vertical-align:middle; color:#000; background-color:#f3f3f3\" colspan=\"3\" width=\"10%\"><i class=\"fas fa-certificate\" aria-hidden=\"true\"><\/i><\/td><td style=\"font-size:20px; text-align: right; vertical-align: middle; color:#000; background-color:#f3f3f3\" colspan=\"3\" width=\"15%\"> 8<\/td><td style=\"font-size:20px; text-align: left; vertical-align: middle; color:#000; background-color:#f3f3f3\" width=\"75%\">Ahmet Deniz (&#8230;)<\/td>\n<\/tr>\n<tr>\n<td style=\"font-size:20px; text-align:center; vertical-align:middle; color:#000; background-color:#fff\" colspan=\"3\" width=\"10%\"><i class=\"fas fa-certificate\" aria-hidden=\"true\"><\/i><\/td><td style=\"font-size:20px; text-align: right; vertical-align: middle; color:#000; background-color:#fff\" colspan=\"3\" width=\"15%\"> 9<\/td><td style=\"font-size:20px; text-align: left; vertical-align: middle; color:#000; background-color:#fff\" width=\"75%\">Ali Osman Yayla (&#8230;)<\/td>\n<\/tr>\n<tr>\n<td style=\"font-size:20px; text-align:center; vertical-align:middle; color:#000; background-color:#f3f3f3\" colspan=\"3\" width=\"10%\"><i class=\"fas fa-certificate\" aria-hidden=\"true\"><\/i><\/td><td style=\"font-size:20px; text-align: right; vertical-align: middle; color:#000; background-color:#f3f3f3\" colspan=\"3\" width=\"15%\">10<\/td><td style=\"font-size:20px; text-align: left; vertical-align: middle; color:#000; background-color:#f3f3f3\" width=\"75%\">Ha\u015fim Torlak (&#8230;)<\/td>\n<\/tr>\n<tr>\n<td style=\"font-size:20px; text-align:center; vertical-align:middle; color:#000; background-color:#fff\" colspan=\"3\" width=\"10%\"><i class=\"fas fa-certificate\" aria-hidden=\"true\"><\/i><\/td><td style=\"font-size:20px; text-align: right; vertical-align: middle; color:#000; background-color:#fff\" colspan=\"3\" width=\"15%\">11<\/td><td style=\"font-size:20px; text-align: left; vertical-align: middle; color:#000; background-color:#fff\" width=\"75%\">Salih Altun (&#8230;)<\/td>\n<\/tr>\n<tr>\n<td style=\"font-size:20px; text-align:center; vertical-align:middle; color:#000; background-color:#f3f3f3\" colspan=\"3\" width=\"10%\"><i class=\"fas fa-certificate\" aria-hidden=\"true\"><\/i><\/td><td style=\"font-size:20px; text-align: right; vertical-align: middle; color:#000; background-color:#f3f3f3\" colspan=\"3\" width=\"15%\">12<\/td><td style=\"font-size:20px; text-align: left; vertical-align: middle; color:#000; background-color:#f3f3f3\" width=\"75%\">Salih Yayla (&#8230;)<\/td>\n<\/tr>\n<tr>\n<td style=\"font-size:20px; text-align:center; vertical-align:middle; color:#000; background-color:#fff\" colspan=\"3\" width=\"10%\"><i class=\"fas fa-certificate\" aria-hidden=\"true\"><\/i><\/td><td style=\"font-size:20px; text-align: right; vertical-align: middle; color:#000; background-color:#fff\" colspan=\"3\" width=\"15%\">13<\/td><td style=\"font-size:20px; text-align: left; vertical-align: middle; color:#000; background-color:#fff\" width=\"75%\">Cengiz Yaylam\u0131\u015f (18.04.1999 \u2013 29.03.2009)<\/td>\n<\/tr>\n<tr>\n<td style=\"font-size:20px; text-align:center; vertical-align:middle; color:#000; background-color:#f3f3f3\" colspan=\"3\" width=\"10%\"><i class=\"fas fa-certificate\" aria-hidden=\"true\"><\/i><\/td><td style=\"font-size:20px; text-align: right; vertical-align: middle; color:#000; background-color:#f3f3f3\" colspan=\"3\" width=\"15%\">14<\/td><td style=\"font-size:20px; text-align: left; vertical-align: middle; color:#000; background-color:#f3f3f3\" width=\"75%\">\u015e\u00fckr\u00fc Yayla (29.03.2009 \u2013 30.03.2014)<\/td>\n<\/tr>\n<tr>\n<td style=\"font-size:20px; text-align:center; vertical-align:middle; color:#000; background-color:#fff\" colspan=\"3\" width=\"10%\"><i class=\"fas fa-certificate\" aria-hidden=\"true\"><\/i><\/td><td style=\"font-size:20px; text-align: right; vertical-align: middle; color:#000; background-color:#fff\" colspan=\"3\" width=\"15%\">15<\/td><td style=\"font-size:20px; text-align: left; vertical-align: middle; color:#000; background-color:#fff\" width=\"75%\">Siyami (R\u00fc\u015ft\u00fc) Torlak (30.03.2014 \u2013 31.03.2019)<\/td>\n<\/tr>\n<tr>\n<td style=\"font-size:20px; text-align:center; vertical-align:middle; color:#000; background-color:#f3f3f3\" colspan=\"3\" width=\"10%\"><i class=\"fas fa-certificate\" aria-hidden=\"true\"><\/i><\/td><td style=\"font-size:20px; text-align: right; vertical-align: middle; color:#000; background-color:#f3f3f3\" colspan=\"3\" width=\"15%\">16<\/td><td style=\"font-size:20px; text-align: left; vertical-align: middle; color:#000; background-color:#f3f3f3\" width=\"75%\">\u015e\u00fckr\u00fc Yayla (31.03.2019 &#8211; &#8230;)<\/br><\/br><font color=\"#333\">(K\u00fc\u00e7\u00fckgeri\u015flilerin tevecc\u00fch\u00fc ile 2019 y\u0131l\u0131 31 Mart yerel se\u00e7imlerinde se\u00e7ilen \u015e\u00fckr\u00fc Yayla, halen k\u00f6y\u00fcm\u00fcz muhtar\u0131 olarak ba\u015far\u0131yla g\u00f6revine devam etmektedir.)<\/font><\/td>\n<\/tr>\n<\/tbody>\n<\/table>\n<\/figure>\n\n<\/div>\n\n\n<div class=\"wp-block-column is-layout-flow wp-block-column-is-layout-flow\" style=\"flex-basis:5%\"><\/div>\n\n<\/div>\n\n\n\n\n<div class=\"wp-block-columns is-layout-flex wp-container-core-columns-is-layout-9d6595d7 wp-block-columns-is-layout-flex\">\n<div class=\"wp-block-column is-layout-flow wp-block-column-is-layout-flow\" style=\"flex-basis:15%\"><\/div>\n\n\n\n<div class=\"wp-block-column is-layout-flow wp-block-column-is-layout-flow\" style=\"flex-basis:70%\"><div class=\"wp-block-image\">\n<figure class=\"aligncenter size-large\"><a href=\"https:\/\/www.kucukgeris.net\/?p=35\"><img decoding=\"async\" src=\"https:\/\/www.kucukgeris.net\/iz\/muhtar\/m01sy.jpg\" alt=\"\"\/><\/a><\/figure>\n<\/div>\n\n\n<p><\/p>\n\n\n<div class=\"wp-block-image\">\n<figure class=\"aligncenter size-large\"><a href=\"https:\/\/www.kucukgeris.net\/?p=43\"><img decoding=\"async\" src=\"https:\/\/www.kucukgeris.net\/iz\/muhtar\/m02rt.jpg\" alt=\"\"\/><\/a><\/figure>\n<\/div>\n\n\n<p><\/p>\n\n\n<div class=\"wp-block-image\">\n<figure class=\"aligncenter size-large\"><a href=\"https:\/\/www.kucukgeris.net\/?p=49\"><img decoding=\"async\" src=\"https:\/\/www.kucukgeris.net\/iz\/muhtar\/m03cy.jpg\" alt=\"\"\/><\/a><\/figure>\n<\/div><\/div>\n\n\n\n<div class=\"wp-block-column is-layout-flow wp-block-column-is-layout-flow\" style=\"flex-basis:15%\"><\/div>\n<\/div>\n","protected":false},"excerpt":{"rendered":"<p>K\u00f6y stat\u00fcs\u00fcne kavu\u015ftu\u011fu 1930 y\u0131l\u0131ndan bug\u00fcne K\u00fc\u00e7\u00fckgeri\u015f\u2019te g\u00f6rev yapan muhtarlar\u0131m\u0131z\u2026<\/p>\n","protected":false},"author":1,"featured_media":0,"parent":0,"menu_order":0,"comment_status":"closed","ping_status":"closed","template":"page-fullwidth.php","meta":{"footnotes":""},"class_list":["post-31","page","type-page","status-publish","hentry"],"_links":{"self":[{"href":"https:\/\/www.kucukgeris.net\/index.php?rest_route=\/wp\/v2\/pages\/31","targetHints":{"allow":["GET"]}}],"collection":[{"href":"https:\/\/www.kucukgeris.net\/index.php?rest_route=\/wp\/v2\/pages"}],"about":[{"href":"https:\/\/www.kucukgeris.net\/index.php?rest_route=\/wp\/v2\/types\/page"}],"author":[{"embeddable":true,"href":"https:\/\/www.kucukgeris.net\/index.php?rest_route=\/wp\/v2\/users\/1"}],"replies":[{"embeddable":true,"href":"https:\/\/www.kucukgeris.net\/index.php?rest_route=%2Fwp%2Fv2%2Fcomments&post=31"}],"version-history":[{"count":0,"href":"https:\/\/www.kucukgeris.net\/index.php?rest_route=\/wp\/v2\/pages\/31\/revisions"}],"wp:attachment":[{"href":"https:\/\/www.kucukgeris.net\/index.php?rest_route=%2Fwp%2Fv2%2Fmedia&parent=31"}],"curies":[{"name":"wp","href":"https:\/\/api.w.org\/{rel}","templated":true}]}}