{"id":314,"date":"2023-03-20T03:59:07","date_gmt":"2023-03-20T00:59:07","guid":{"rendered":"https:\/\/www.kucukgeris.net\/?page_id=314"},"modified":"2023-04-01T01:46:29","modified_gmt":"2023-03-31T22:46:29","slug":"kucukgeris","status":"publish","type":"page","link":"https:\/\/www.kucukgeris.net\/?page_id=314","title":{"rendered":"K\u00fc\u00e7\u00fckgeri\u015f"},"content":{"rendered":"\n<div class=\"wp-block-columns is-layout-flex wp-container-core-columns-is-layout-9d6595d7 wp-block-columns-is-layout-flex\">\n<div class=\"wp-block-column is-layout-flow wp-block-column-is-layout-flow\" style=\"flex-basis:10%\"><\/div>\n\n\n\n<div class=\"wp-block-column is-layout-flow wp-block-column-is-layout-flow\" style=\"flex-basis:80%\"><div class=\"wp-block-image\">\n<figure class=\"aligncenter size-large\"><img decoding=\"async\" src=\"https:\/\/www.kucukgeris.net\/iz\/kg\/kucukgeris01.jpg\" alt=\"Kesin ilk yerle\u015fim tarihi ile ad\u0131n\u0131n kayna\u011f\u0131 belli olmayan K\u00fc\u00e7\u00fckgeri\u015f, Ke\u015fap il\u00e7esinin orta b\u00f6lgesinde, Ke\u015fap Deresi\u2019nin bat\u0131 yakas\u0131nda kurulmu\u015ftur.\"\/><figcaption class=\"wp-element-caption\"><strong><em>Kesin ilk yerle\u015fim tarihi ile ad\u0131n\u0131n kayna\u011f\u0131 belli olmayan K\u00fc\u00e7\u00fckgeri\u015f, Ke\u015fap il\u00e7esinin orta b\u00f6lgesinde, Ke\u015fap Deresi\u2019nin bat\u0131 yakas\u0131nda kurulmu\u015ftur.<\/em><\/strong><\/figcaption><\/figure>\n<\/div>\n\n\n<div class=\"wp-block-columns is-layout-flex wp-container-core-columns-is-layout-9d6595d7 wp-block-columns-is-layout-flex\">\n<div class=\"wp-block-column is-layout-flow wp-block-column-is-layout-flow\"><\/div>\n<\/div>\n\n\n\n<p class=\"has-black-color has-text-color has-medium-font-size\">K\u00fc\u00e7\u00fckgeri\u015f, Ke\u015fap il\u00e7esinin orta b\u00f6lgesinde, Ke\u015fap Deresi\u2019nin bat\u0131 yakas\u0131nda kurulmu\u015ftur. Kesin ilk yerle\u015fim tarihi ile ad\u0131n\u0131n kayna\u011f\u0131 belli de\u011fildir. Alata\u015f, Bayrambey, Demirci, Karabulduk K\u00f6y\u00fc\u2019n\u00fcn Kar\u015f\u0131yaka mahallesi, Karadere, Unaca, Yenicehisar ve Yivdincik k\u00f6yleri aras\u0131ndad\u0131r. Y\u00fcz\u00f6l\u00e7\u00fcm\u00fc olduk\u00e7a geni\u015f, do\u011fal yap\u0131s\u0131 engebeli ve ortalama y\u00fcksekli\u011fi 400 metredir. Burunucu, \u00c7apar, G\u00fczl\u00fck, Harmanc\u0131k ve Merkez mahalle olmak \u00fczere 5 yerle\u015fim \u00fcnitesinden olu\u015fan K\u00fc\u00e7\u00fckgeri\u015f\u2019in hane say\u0131s\u0131 169\u2019dur. Osmanl\u0131 \u0130mparatorlu\u011fu ve Cumhuriyet\u2019in ilk y\u0131llar\u0131nda Feruz (Alata\u015f) K\u00f6y\u00fc\u2019ne ba\u011fl\u0131 olarak kalan K\u00fc\u00e7\u00fckgeri\u015f, 1930 y\u0131l\u0131nda k\u00f6y stat\u00fcs\u00fcne ge\u00e7erek bug\u00fcnk\u00fc co\u011frafi yap\u0131s\u0131na kavu\u015fmu\u015ftur.<\/p>\n\n\n\n<div class=\"wp-block-columns is-layout-flex wp-container-core-columns-is-layout-9d6595d7 wp-block-columns-is-layout-flex\">\n<div class=\"wp-block-column is-layout-flow wp-block-column-is-layout-flow\"><\/div>\n<\/div>\n\n\n\n<p class=\"has-black-color has-text-color has-medium-font-size\">Ke\u015fap\u2019\u0131n b\u00fcy\u00fck k\u00f6ylerinden biri olan K\u00fc\u00e7\u00fckgeri\u015f, n\u00fcfusu ile 3\u2019\u00fcnc\u00fc s\u0131rada yer almaktad\u0131r (1- G\u00fcneyk\u00f6y 949 ki\u015fi, 2- Karabulduk 797 ki\u015fi, 3- K\u00fc\u00e7\u00fckgeri\u015f 485 ki\u015fi, 4- \u00c7aml\u0131ca 474 ki\u015fi, 5- Dokuztepe 431 ki\u015fi). Artan n\u00fcfus ve ge\u00e7im nedeniyle h\u0131zla g\u00f6\u00e7 veren k\u00f6y\u00fcm\u00fcz insanlar\u0131 ba\u015fta \u0130stanbul, Kocaeli, Bursa, \u0130zmir, Ankara ile di\u011fer \u015fehirlerde ve yurtd\u0131\u015f\u0131nda ya\u015famaktad\u0131r. 2022 y\u0131l\u0131 Adrese Dayal\u0131 N\u00fcfus Kay\u0131t Sistemi (ADNKS) verilerine g\u00f6re 252 kad\u0131n, 233 erkek olmak \u00fczere K\u00fc\u00e7\u00fckgeri\u015f\u2019te ya\u015fayan mevcut n\u00fcfus toplam 485\u2019tir.<\/p>\n\n\n\n<div class=\"wp-block-columns is-layout-flex wp-container-core-columns-is-layout-9d6595d7 wp-block-columns-is-layout-flex\">\n<div class=\"wp-block-column is-layout-flow wp-block-column-is-layout-flow\"><\/div>\n<\/div>\n\n\n\n<p class=\"has-black-color has-text-color has-medium-font-size\">Yolu, i\u00e7me suyu ve elektri\u011fi mevcut olan K\u00fc\u00e7\u00fckgeri\u015f K\u00f6y\u00fcm\u00fcz\u00fcn Ke\u015fap il\u00e7e merkezine uzakl\u0131\u011f\u0131 10 kilometre, Giresun merkezine ise 22 kilometredir. Ula\u015f\u0131m\u0131n\u0131 Ke\u015fap &#8211; Karabulduk yolu \u00fczerinden sa\u011flar. Eski giri\u015finde tarih\u00ee bir kemer k\u00f6pr\u00fc bulunmaktad\u0131r. 3 camisi, ilkokulu ve ortaokulu vard\u0131r. \u00d6\u011frenci azl\u0131\u011f\u0131 nedeniyle ilkokulu ve ortaokulu kapal\u0131 olan k\u00f6y\u00fcm\u00fcz \u00e7ocuklar\u0131 ta\u015f\u0131mal\u0131 e\u011fitimden faydalanmaktad\u0131r. F\u0131nd\u0131k tar\u0131m\u0131 ve hayvanc\u0131l\u0131k ba\u015fl\u0131ca ge\u00e7im kaynaklar\u0131d\u0131r. K\u00f6yl\u00fclerimiz temiz da\u011f havas\u0131ndan istifade etmek ve dinlenmek i\u00e7in yaylaya \u00e7\u0131kmaktad\u0131r.<\/p>\n\n\n\n<div class=\"wp-block-columns is-layout-flex wp-container-core-columns-is-layout-9d6595d7 wp-block-columns-is-layout-flex\">\n<div class=\"wp-block-column is-layout-flow wp-block-column-is-layout-flow\"><\/div>\n<\/div>\n\n\n<div class=\"wp-block-image\">\n<figure class=\"aligncenter size-large\"><img decoding=\"async\" src=\"https:\/\/www.kucukgeris.net\/iz\/kg\/kucukgeris02.jpg\" alt=\"1700\u2019l\u00fc y\u0131llarda yerle\u015fimin ba\u015flad\u0131\u011f\u0131 K\u00fc\u00e7\u00fckgeri\u015f; ormanl\u0131k, vah\u015fi hayvanlar\u0131n ya\u015fad\u0131\u011f\u0131, bo\u015f ama tar\u0131ma elveri\u015fli verimli bir y\u00f6redir.\"\/><figcaption class=\"wp-element-caption\"><strong><em>1700\u2019l\u00fc y\u0131llarda yerle\u015fimin ba\u015flad\u0131\u011f\u0131 K\u00fc\u00e7\u00fckgeri\u015f; ormanl\u0131k, vah\u015fi hayvanlar\u0131n ya\u015fad\u0131\u011f\u0131, bo\u015f ama tar\u0131ma elveri\u015fli verimli bir y\u00f6redir.<\/em><\/strong><\/figcaption><\/figure>\n<\/div>\n\n\n<div class=\"wp-block-columns is-layout-flex wp-container-core-columns-is-layout-9d6595d7 wp-block-columns-is-layout-flex\">\n<div class=\"wp-block-column is-layout-flow wp-block-column-is-layout-flow\"><\/div>\n<\/div>\n\n\n\n<h3 class=\"wp-block-heading has-black-color has-text-color\">K\u00dc\u00c7\u00dcKGER\u0130\u015e\u2019\u0130N KURULU\u015eU<\/h3>\n\n\n\n<div class=\"wp-block-columns is-layout-flex wp-container-core-columns-is-layout-9d6595d7 wp-block-columns-is-layout-flex\">\n<div class=\"wp-block-column is-layout-flow wp-block-column-is-layout-flow\"><\/div>\n<\/div>\n\n\n\n<p class=\"has-black-color has-text-color has-medium-font-size\">\u0130lk yerle\u015fim tarihi kesin olarak bilinmemekle birlikte 1700\u2019l\u00fc y\u0131llarda ilk olarak Bayburt\u2019tan T\u0131ylako\u011fullar\u0131 ve \u0130\u011fnecio\u011fullar\u0131, k\u0131tl\u0131k yokluk nedeni ile yeni ge\u00e7im ve \u00e7al\u0131\u015fma alanlar\u0131 aramak i\u00e7in yola \u00e7\u0131kt\u0131klar\u0131, K\u00fc\u00e7\u00fckgeri\u015f\u2019in ilk olarak Kurtta\u015f\u0131 yani Harmanc\u0131k mevkiine yerle\u015ftikleri k\u00f6y\u00fcm\u00fcz\u00fcn b\u00fcy\u00fckleri taraf\u0131ndan belirtilmektedir. O\u011fuzlar\u0131n \u00c7epni boyuna mensup di\u011fer s\u00fclalelerin de gelmeleriyle birlikte K\u00fc\u00e7\u00fckgeri\u015f\u2019in s\u0131n\u0131rlar\u0131 geni\u015flemeye ba\u015fl\u0131yor. T\u0131ylako\u011fullar\u0131 ile \u0130\u011fnecio\u011fullar\u0131, daha sonraki Bayburt ziyaretleri d\u00f6n\u00fc\u015f\u00fc Bayburt\u2019ta kimsesiz yetim bir erkek \u00e7ocu\u011funu da yanlar\u0131na al\u0131p K\u00fc\u00e7\u00fckgeri\u015f\u2019e \u00f6nceden in\u015fa ettikleri evlerine birlikte d\u00f6n\u00fcyorlar. Bayburt\u2019tan beraberlerinde getirdikleri k\u00fc\u00e7\u00fck Yusuf\u2019u T\u0131ylako\u011fullar\u0131 ve \u0130\u011fnecio\u011fullar\u0131 birlikte b\u00fcy\u00fct\u00fcyorlar, destek oluyorlar.<\/p>\n\n\n\n<div class=\"wp-block-columns is-layout-flex wp-container-core-columns-is-layout-9d6595d7 wp-block-columns-is-layout-flex\">\n<div class=\"wp-block-column is-layout-flow wp-block-column-is-layout-flow\"><\/div>\n<\/div>\n\n\n\n<p class=\"has-black-color has-text-color has-medium-font-size\">O zamanki k\u00f6y ve y\u00f6re; ormanl\u0131k, vah\u015fi hayvanlar\u0131n ya\u015fad\u0131\u011f\u0131, bo\u015f ama tar\u0131ma elveri\u015fli verimli alanlar. S\u00f6ylenenlere g\u00f6re; Kurtta\u015f\u0131\u2019ndaki evlerinde vah\u015fi yaban hayvanlar\u0131ndan zarar g\u00f6rmeye ba\u015flam\u0131\u015flar, hatta bir \u00e7ocuklar\u0131n\u0131 da bu y\u00fczden kaybetmi\u015fler. K\u00f6y\u00fcn i\u00e7ine, su olan b\u00f6lgesine, a\u015fa\u011f\u0131lara inme karar\u0131 alan T\u0131ylako\u011fullar\u0131 \u00d6tek\u00f6y mevkiine, \u0130\u011fnecio\u011fullar\u0131 Orta Mahalle\u2019ye ve Bayburt\u2019tan beraberlerinde getirdikleri Yusuf\u2019un torunu Yetim Osman da A\u015fa\u011f\u0131 Mahalle\u2019ye yerle\u015fiyor. Osman, k\u00fc\u00e7\u00fck ya\u015fta babas\u0131 Ahmet\u2019in vefat\u0131 \u00fczerine \u201cYetim Osman\u201d diye s\u00f6ylenmektedir.<\/p>\n\n\n\n<div class=\"wp-block-columns is-layout-flex wp-container-core-columns-is-layout-9d6595d7 wp-block-columns-is-layout-flex\">\n<div class=\"wp-block-column is-layout-flow wp-block-column-is-layout-flow\"><\/div>\n<\/div>\n\n\n\n<p class=\"has-black-color has-text-color has-medium-font-size\">Osmanl\u0131 \u0130mparatorlu\u011fu ve T\u00fcrkiye Cumhuriyeti\u2019nin ilk y\u0131llar\u0131nda Feruz (Alata\u015f) K\u00f6y\u00fc\u2019ne ba\u011fl\u0131 bir mahalle olan K\u00fc\u00e7\u00fckgeri\u015f, zaman\u0131nda orman\u0131 bol ve tar\u0131ma elveri\u015fli uygun arazileriyle biliniyor. Artan n\u00fcfusu ve Feruz\u2019un merkezine olan uzakl\u0131\u011f\u0131ndan dolay\u0131 1930 y\u0131l\u0131nda k\u00f6y stat\u00fcs\u00fc verilen K\u00fc\u00e7\u00fckgeri\u015f, bug\u00fcnk\u00fc co\u011frafi s\u0131n\u0131rlar\u0131na ve idari yap\u0131s\u0131na kavu\u015fuyor. K\u00f6y\u00fcm\u00fcz\u00fcn ilk muhtar\u0131 Kamil Akg\u00fcn, son muhtar\u0131 ise \u015e\u00fckr\u00fc Yayla\u2019d\u0131r.<\/p>\n\n\n\n<div class=\"wp-block-columns is-layout-flex wp-container-core-columns-is-layout-9d6595d7 wp-block-columns-is-layout-flex\">\n<div class=\"wp-block-column is-layout-flow wp-block-column-is-layout-flow\"><\/div>\n<\/div>\n\n\n\n<p class=\"has-black-color has-text-color has-medium-font-size\">O\u011fuzlar\u0131n \u00c7epni boyundan olan k\u00f6y\u00fcm\u00fcze yerle\u015fen 20 s\u00fclale \u015funlard\u0131r: Ayvazo\u011fullar\u0131, Cebecio\u011fullar\u0131, Cinalio\u011fullar\u0131, Civilo\u011fullar\u0131, \u00c7\u00f6mezo\u011fullar\u0131, \u00c7ukurluo\u011fullar\u0131, Delibekiro\u011fullar\u0131, Dikka\u015fo\u011fullar\u0131, Durmu\u015fo\u011fullar\u0131, G\u0131b\u0131lo\u011fullar\u0131, Halilo\u011fullar\u0131 (Hallo), Hasbalo\u011fullar\u0131, \u0130\u011fnecio\u011fullar\u0131, Karayusufo\u011fullar\u0131, Kelleo\u011fullar\u0131, Mast\u0131o\u011fullar\u0131, T\u0131ylako\u011fullar\u0131, Tokalako\u011fullar\u0131, Sar\u0131\u00e7obano\u011fullar\u0131, Velio\u011fullar\u0131, Yusufo\u011fullar\u0131 (Diliko\u011fullar\u0131, Helimo\u011fullar\u0131, Yetimosmano\u011fullar\u0131)\u2026<\/p>\n\n\n\n<div class=\"wp-block-columns is-layout-flex wp-container-core-columns-is-layout-9d6595d7 wp-block-columns-is-layout-flex\">\n<div class=\"wp-block-column is-layout-flow wp-block-column-is-layout-flow\"><\/div>\n<\/div>\n\n\n\n<p class=\"has-black-color has-text-color has-medium-font-size\"><strong>Not:<\/strong> T\u0131ylako\u011fullar\u0131\u2019n\u0131n b\u00fcy\u00fcklerinin aktard\u0131\u011f\u0131 bilgilere g\u00f6re de Bayburt\u2019a Batum\u2019dan gelindi\u011fi bilinmektedir\u2026<\/p>\n<\/div>\n\n\n\n<div class=\"wp-block-column is-layout-flow wp-block-column-is-layout-flow\" style=\"flex-basis:10%\"><\/div>\n<\/div>\n","protected":false},"excerpt":{"rendered":"<p>K\u00fc\u00e7\u00fckgeri\u015f, Ke\u015fap il\u00e7esinin orta b\u00f6lgesinde, Ke\u015fap Deresi\u2019nin bat\u0131 yakas\u0131nda kurulmu\u015ftur. Kesin ilk yerle\u015fim tarihi ile ad\u0131n\u0131n kayna\u011f\u0131 belli de\u011fildir. Alata\u015f, Bayrambey, Demirci, Karabulduk K\u00f6y\u00fc\u2019n\u00fcn Kar\u015f\u0131yaka mahallesi, Karadere, Unaca, Yenicehisar ve Yivdincik k\u00f6yleri aras\u0131ndad\u0131r. Y\u00fcz\u00f6l\u00e7\u00fcm\u00fc olduk\u00e7a geni\u015f, do\u011fal yap\u0131s\u0131 engebeli ve ortalama y\u00fcksekli\u011fi 400 metredir. Burunucu, \u00c7apar, G\u00fczl\u00fck, Harmanc\u0131k ve Merkez mahalle olmak \u00fczere 5 yerle\u015fim<\/p>\n","protected":false},"author":1,"featured_media":0,"parent":0,"menu_order":0,"comment_status":"closed","ping_status":"closed","template":"page-fullwidth.php","meta":{"footnotes":""},"class_list":["post-314","page","type-page","status-publish","hentry"],"_links":{"self":[{"href":"https:\/\/www.kucukgeris.net\/index.php?rest_route=\/wp\/v2\/pages\/314","targetHints":{"allow":["GET"]}}],"collection":[{"href":"https:\/\/www.kucukgeris.net\/index.php?rest_route=\/wp\/v2\/pages"}],"about":[{"href":"https:\/\/www.kucukgeris.net\/index.php?rest_route=\/wp\/v2\/types\/page"}],"author":[{"embeddable":true,"href":"https:\/\/www.kucukgeris.net\/index.php?rest_route=\/wp\/v2\/users\/1"}],"replies":[{"embeddable":true,"href":"https:\/\/www.kucukgeris.net\/index.php?rest_route=%2Fwp%2Fv2%2Fcomments&post=314"}],"version-history":[{"count":0,"href":"https:\/\/www.kucukgeris.net\/index.php?rest_route=\/wp\/v2\/pages\/314\/revisions"}],"wp:attachment":[{"href":"https:\/\/www.kucukgeris.net\/index.php?rest_route=%2Fwp%2Fv2%2Fmedia&parent=314"}],"curies":[{"name":"wp","href":"https:\/\/api.w.org\/{rel}","templated":true}]}}