{"id":43,"date":"2023-03-01T04:04:01","date_gmt":"2023-03-01T01:04:01","guid":{"rendered":"https:\/\/www.kucukgeris.net\/?page_id=43"},"modified":"2023-03-11T00:27:46","modified_gmt":"2023-03-10T21:27:46","slug":"rustu-torlak","status":"publish","type":"page","link":"https:\/\/www.kucukgeris.net\/?page_id=43","title":{"rendered":"R\u00fc\u015ft\u00fc Torlak"},"content":{"rendered":"\n<div class=\"wp-block-columns is-layout-flex wp-container-core-columns-is-layout-9d6595d7 wp-block-columns-is-layout-flex\">\n<div class=\"wp-block-column is-layout-flow wp-block-column-is-layout-flow\" style=\"flex-basis:5%\"><\/div>\n\n\n\n<div class=\"wp-block-column is-layout-flow wp-block-column-is-layout-flow\" style=\"flex-basis:90%\"><div class=\"wp-block-image\">\n<figure class=\"aligncenter size-large\"><img decoding=\"async\" src=\"https:\/\/www.kucukgeris.net\/iz\/muhtar\/srt09082021f01.jpg\" alt=\"Siyami R\u00fc\u015ft\u00fc Torlak, 2014 \u2013 2019 y\u0131llar\u0131 aras\u0131nda muhtarl\u0131k g\u00f6revi ba\u015far\u0131yla ifa etti.\"\/><figcaption class=\"wp-element-caption\"><em>Siyami R\u00fc\u015ft\u00fc Torlak, 2014 \u2013 2019 y\u0131llar\u0131 aras\u0131nda muhtarl\u0131k g\u00f6revi ba\u015far\u0131yla ifa etti.<\/em><\/figcaption><\/figure>\n<\/div><\/div>\n\n\n\n<div class=\"wp-block-column is-layout-flow wp-block-column-is-layout-flow\" style=\"flex-basis:5%\"><\/div>\n<\/div>\n\n\n\n<div class=\"wp-block-columns is-layout-flex wp-container-core-columns-is-layout-9d6595d7 wp-block-columns-is-layout-flex\">\n<div class=\"wp-block-column is-layout-flow wp-block-column-is-layout-flow\" style=\"flex-basis:33.33%\"><div class=\"wp-block-image\">\n<figure class=\"aligncenter size-large\"><img decoding=\"async\" src=\"https:\/\/www.kucukgeris.net\/iz\/muhtar\/srt09082021f03.jpg\" alt=\"Siyami R\u00fc\u015ft\u00fc Torlak\"\/><figcaption class=\"wp-element-caption\"><em>Siyami R\u00fc\u015ft\u00fc Torlak<\/em><\/figcaption><\/figure>\n<\/div>\n\n\n<p class=\"has-black-color has-text-color has-medium-font-size\"><em>Kendi kalemiyle \u00f6zge\u00e7mi\u015fini bizlerle payla\u015fan Say\u0131n Siyami R\u00fc\u015ft\u00fc Torlak\u2019\u0131 k\u00f6y\u00fcm\u00fcze yapt\u0131\u011f\u0131 hizmetlerden dolay\u0131 kutluyoruz\u2026<\/em><\/p>\n<\/div>\n\n\n\n<div class=\"wp-block-column has-white-color has-text-color has-background is-layout-flow wp-block-column-is-layout-flow\" style=\"background-color:#dcdcdc;flex-basis:66.66%;padding-top:10px;padding-left:10px;padding-right:5px;border:1px solid #999;box-shadow:0 4px 8px 0 #111;\">\n\n<p class=\"has-black-color has-text-color has-medium-font-size\">5 Nisan 1961 tarihinde K\u00fc\u00e7\u00fckgeri\u015f K\u00f6y\u00fc\u2019nde do\u011fdum. K\u00fc\u00e7\u00fckgeri\u015f K\u00f6y\u00fc \u0130lkokulu\u2019nu bitirdikten sonra orta\u00f6\u011fretimime il\u00e7emizdeki Ke\u015fap Ortaokulu\u2019nda devam ettim. 1980 y\u0131l\u0131nda Giresun End\u00fcstri Meslek Lisesi Elektrik B\u00f6l\u00fcm\u00fc\u2019nden mezun oldum.<\/p>\n\n\n<p class=\"has-black-color has-text-color has-medium-font-size\">Ayd\u0131n \u00c7ine\u2019de askerlik g\u00f6revimi tamamlad\u0131m. 1985 y\u0131l\u0131nda Trabzon TE\u0130A\u015e 14. \u0130letim Grup M\u00fcd\u00fcrl\u00fc\u011f\u00fc\u2019nde trafo uzman elektrik teknisyeni olarak \u00e7al\u0131\u015fmaya ba\u015flad\u0131m. Ayn\u0131 kurumdan 14 Nisan 2014 tarihinde emekli oldum.<\/p>\n\n\n<p class=\"has-black-color has-text-color has-medium-font-size\">\u015eu an A\u00e7\u0131k \u00d6\u011fretim Fak\u00fcltesi Mali \u0130dareler B\u00f6l\u00fcm\u00fc\u2019nde y\u00fcksek\u00f6\u011fretime devam etmekteyim. Evli ve 4 \u00e7ocuk babas\u0131y\u0131m.<\/p>\n\n\n<p class=\"has-black-color has-text-color has-medium-font-size\">30 Mart 2014 mahalli se\u00e7imlerinde k\u00f6y\u00fcme hizmet etmek i\u00e7in muhtarl\u0131k g\u00f6revine talip oldum. Tevecc\u00fchleriyle K\u00fc\u00e7\u00fckgeri\u015f K\u00f6y\u00fc Muhtarl\u0131\u011f\u0131 g\u00f6revine getiren sevgili k\u00f6yl\u00fclerime y\u00fcrekten te\u015fekk\u00fcr ediyorum.<\/p>\n\n\n<p class=\"has-black-color has-text-color has-medium-font-size\">Sevgi, sayg\u0131, birlik ve beraberlikle k\u00f6y\u00fcm\u00fcz\u00fcn her sorununu el birli\u011fi ile \u00e7\u00f6zece\u011fimize, k\u00f6y\u00fcm\u00fcz\u00fc daha ileri seviyeye ta\u015f\u0131yaca\u011f\u0131m\u0131za, ibadet a\u015fk\u0131 ile k\u00f6y\u00fcme ve k\u00f6yl\u00fcme hizmet edece\u011fimize s\u00f6z veriyorum. K\u00fc\u00e7\u00fckgeri\u015f\u2019e s\u00f6z\u00fcm\u00fcz var.<\/p>\n\n\n<p class=\"has-black-color has-text-color has-medium-font-size\">Selam ve sevgilerimle\u2026<\/p>\n\n\n<div class=\"wp-block-columns is-layout-flex wp-container-core-columns-is-layout-9d6595d7 wp-block-columns-is-layout-flex\">\n\n<div class=\"wp-block-column is-layout-flow wp-block-column-is-layout-flow\" style=\"flex-basis:33.33%\">\n<div class=\"wp-block-image is-style-rounded\">\n<figure class=\"aligncenter size-large\"><img decoding=\"async\" src=\"https:\/\/www.kucukgeris.net\/iz\/muhtar\/srt25022023m01.png\" alt=\"\"\/><\/figure>\n<\/div>\n<\/div>\n\n\n<div class=\"wp-block-column is-layout-flow wp-block-column-is-layout-flow\" style=\"flex-basis:66.66%\">\n\n<div class=\"wp-block-columns is-layout-flex wp-container-core-columns-is-layout-9d6595d7 wp-block-columns-is-layout-flex\">\n\n<div class=\"wp-block-column is-layout-flow wp-block-column-is-layout-flow\">\n\n<p><\/p>\n\n\n<p class=\"has-black-color has-text-color has-medium-font-size\"><strong>Siyami R\u00fc\u015ft\u00fc Torlak<\/strong><\/p>\n\n\n<p class=\"has-black-color has-text-color\"><em>K\u00fc\u00e7\u00fckgeri\u015f K\u00f6y\u00fc (2014-2019) Muhtar\u0131<\/em><\/p>\n\n<\/div>\n\n<\/div>\n\n<\/div>\n\n<\/div>\n\n<\/div>\n<\/div>\n\n\n\n<div class=\"wp-block-columns is-layout-flex wp-container-core-columns-is-layout-9d6595d7 wp-block-columns-is-layout-flex\">\n<div class=\"wp-block-column is-layout-flow wp-block-column-is-layout-flow\"><div class=\"wp-block-image\">\n<figure class=\"aligncenter size-large\"><img decoding=\"async\" src=\"https:\/\/www.kucukgeris.net\/iz\/muhtar\/srt09082021f02.jpg\" alt=\"TE\u0130A\u015e\u2019tan uzman elektrik teknisyeni olarak emekli olan Siyami R\u00fc\u015ft\u00fc Torlak, 1917 y\u0131l\u0131nda K\u00fc\u00e7\u00fckgeri\u015f K\u00f6y\u00fc Merkez Camimizin in\u015faat\u0131nda elektrik tesisat\u0131 i\u015flerini fiziki ve fiili olarak yapt\u0131.\"\/><figcaption class=\"wp-element-caption\"><em>TE\u0130A\u015e\u2019tan uzman elektrik teknisyeni olarak emekli olan Siyami R\u00fc\u015ft\u00fc Torlak, 1917 y\u0131l\u0131nda K\u00fc\u00e7\u00fckgeri\u015f K\u00f6y\u00fc Merkez Camimizin in\u015faat\u0131nda elektrik tesisat\u0131 i\u015flerini fiziki ve fiili olarak yapt\u0131.<\/em><\/figcaption><\/figure>\n<\/div><\/div>\n<\/div>\n","protected":false},"excerpt":{"rendered":"<p>Kendi kalemiyle \u00f6zge\u00e7mi\u015fini bizlerle payla\u015fan Say\u0131n Siyami R\u00fc\u015ft\u00fc Torlak\u2019\u0131 k\u00f6y\u00fcm\u00fcze yapt\u0131\u011f\u0131 hizmetlerden dolay\u0131 kutluyoruz\u2026 5 Nisan 1961 tarihinde K\u00fc\u00e7\u00fckgeri\u015f K\u00f6y\u00fc\u2019nde do\u011fdum. K\u00fc\u00e7\u00fckgeri\u015f K\u00f6y\u00fc \u0130lkokulu\u2019nu bitirdikten sonra orta\u00f6\u011fretimime il\u00e7emizdeki Ke\u015fap Ortaokulu\u2019nda devam ettim. 1980 y\u0131l\u0131nda Giresun End\u00fcstri Meslek Lisesi Elektrik B\u00f6l\u00fcm\u00fc\u2019nden mezun oldum. Ayd\u0131n \u00c7ine\u2019de askerlik g\u00f6revimi tamamlad\u0131m. 1985 y\u0131l\u0131nda Trabzon TE\u0130A\u015e 14. \u0130letim Grup M\u00fcd\u00fcrl\u00fc\u011f\u00fc\u2019nde<\/p>\n","protected":false},"author":1,"featured_media":0,"parent":0,"menu_order":0,"comment_status":"closed","ping_status":"closed","template":"page-fullwidth.php","meta":{"footnotes":""},"class_list":["post-43","page","type-page","status-publish","hentry"],"_links":{"self":[{"href":"https:\/\/www.kucukgeris.net\/index.php?rest_route=\/wp\/v2\/pages\/43","targetHints":{"allow":["GET"]}}],"collection":[{"href":"https:\/\/www.kucukgeris.net\/index.php?rest_route=\/wp\/v2\/pages"}],"about":[{"href":"https:\/\/www.kucukgeris.net\/index.php?rest_route=\/wp\/v2\/types\/page"}],"author":[{"embeddable":true,"href":"https:\/\/www.kucukgeris.net\/index.php?rest_route=\/wp\/v2\/users\/1"}],"replies":[{"embeddable":true,"href":"https:\/\/www.kucukgeris.net\/index.php?rest_route=%2Fwp%2Fv2%2Fcomments&post=43"}],"version-history":[{"count":0,"href":"https:\/\/www.kucukgeris.net\/index.php?rest_route=\/wp\/v2\/pages\/43\/revisions"}],"wp:attachment":[{"href":"https:\/\/www.kucukgeris.net\/index.php?rest_route=%2Fwp%2Fv2%2Fmedia&parent=43"}],"curies":[{"name":"wp","href":"https:\/\/api.w.org\/{rel}","templated":true}]}}