{"id":49,"date":"2023-03-02T02:36:05","date_gmt":"2023-03-01T23:36:05","guid":{"rendered":"https:\/\/www.kucukgeris.net\/?page_id=49"},"modified":"2023-03-11T00:27:25","modified_gmt":"2023-03-10T21:27:25","slug":"cengiz-yaylamis","status":"publish","type":"page","link":"https:\/\/www.kucukgeris.net\/?page_id=49","title":{"rendered":"Cengiz Yaylam\u0131\u015f"},"content":{"rendered":"\n<div class=\"wp-block-columns is-layout-flex wp-container-core-columns-is-layout-9d6595d7 wp-block-columns-is-layout-flex\">\n<div class=\"wp-block-column is-layout-flow wp-block-column-is-layout-flow\" style=\"flex-basis:5%\"><\/div>\n\n\n\n<div class=\"wp-block-column is-layout-flow wp-block-column-is-layout-flow\" style=\"flex-basis:90%\"><div class=\"wp-block-image\">\n<figure class=\"aligncenter size-large\"><img decoding=\"async\" src=\"https:\/\/www.kucukgeris.net\/iz\/muhtar\/cy10082021f01.jpg\" alt=\"Tar\u0131m alan\u0131nda giri\u015fimcilik faaliyetleriyle de bilinen Cengiz Yaylam\u0131\u015f, f\u0131nd\u0131k harici zamanlarda at\u0131l kalan bah\u00e7elerde kardelen \u00fcretimi \u00e7al\u0131\u015fmalar\u0131nda bulundu.\"\/><figcaption class=\"wp-element-caption\"><em>Tar\u0131m alan\u0131nda giri\u015fimcilik faaliyetleriyle de bilinen Cengiz Yaylam\u0131\u015f, f\u0131nd\u0131k harici zamanlarda at\u0131l kalan bah\u00e7elerde kardelen \u00fcretimi \u00e7al\u0131\u015fmalar\u0131nda bulundu.<\/em><\/figcaption><\/figure>\n<\/div><\/div>\n\n\n\n<div class=\"wp-block-column is-layout-flow wp-block-column-is-layout-flow\" style=\"flex-basis:5%\"><\/div>\n<\/div>\n\n\n\n<div class=\"wp-block-columns is-layout-flex wp-container-core-columns-is-layout-9d6595d7 wp-block-columns-is-layout-flex\">\n<div class=\"wp-block-column is-layout-flow wp-block-column-is-layout-flow\" style=\"flex-basis:33.33%\"><div class=\"wp-block-image\">\n<figure class=\"aligncenter size-large\"><img decoding=\"async\" src=\"https:\/\/www.kucukgeris.net\/iz\/muhtar\/cy11022023f02.jpg\" alt=\"Cengiz Yaylam\u0131\u015f\"\/><figcaption class=\"wp-element-caption\"><em>Cengiz Yaylam\u0131\u015f<\/em><\/figcaption><\/figure>\n<\/div>\n\n\n<p class=\"has-black-color has-text-color has-medium-font-size\"><em>Kendi kalemiyle g\u00f6revde bulundu\u011fu 18.04.1999 \u2013 29.03.2009 tarihleri aras\u0131ndaki 10 y\u0131l\u0131n de\u011ferlendirmesini bizlerle payla\u015fan, kendi \u00f6zele\u015ftirisini yapan Say\u0131n Cengiz Yaylam\u0131\u015f\u2019\u0131 k\u00f6y\u00fcm\u00fcz i\u00e7in yapm\u0131\u015f oldu\u011fu bu b\u00fcy\u00fck \u00e7al\u0131\u015fmalar\u0131ndan dolay\u0131 kutluyoruz.<\/em><\/p>\n<\/div>\n\n\n\n<div class=\"wp-block-column has-white-color has-text-color has-background is-layout-flow wp-block-column-is-layout-flow\" style=\"background-color:#dcdcdc;flex-basis:66.66%;padding-top:10px;padding-left:10px;padding-right:5px;border:1px solid #999;box-shadow:0 4px 8px 0 #111;\">\n\n<p class=\"has-black-color has-text-color has-medium-font-size\">1963, Ke\u015fap K\u00fc\u00e7\u00fckgeri\u015f K\u00f6y\u00fc do\u011fumluyum. \u0130lkokulu K\u00fc\u00e7\u00fckgeri\u015f K\u00f6y\u00fc\u2019nde, ortaokulu ve liseyi Ke\u015fap Lisesi\u2019nde bitirdim. 1980-1981 tarihinde askerlik g\u00f6revimi tamamlad\u0131ktan sonra ticaret hayat\u0131na at\u0131ld\u0131m. Evli ve 4 \u00e7ocuk babas\u0131y\u0131m.<\/p>\n\n\n<p class=\"has-black-color has-text-color has-medium-font-size\">Siyasi ve sosyal faaliyetlerden uzak kalmayan bir yap\u0131ya sahip ki\u015fili\u011fimle birtak\u0131m idari ve sosyal faaliyetlerde bulundum. Bunlar aras\u0131nda 5 y\u0131l Ke\u015fap K\u00f6ylere Hizmet G\u00f6t\u00fcrme Birli\u011fi \u00fcyeli\u011fi, Ke\u015fapspor y\u00f6netim kurulu \u00fcyeli\u011fi, Ke\u015fap Esnaf ve Kefalet Kooperatifi y\u00f6netim kurulu \u00fcyeli\u011fi, Muhtarlar Derne\u011fi 2. Ba\u015fkanl\u0131\u011f\u0131, 2008 senesinde Giresun Sanayici \u0130\u015fadamlar\u0131 Derne\u011fi y\u00f6netim kurulu \u00fcyeli\u011fi, 2008 senesinde AK Parti Ke\u015fap \u0130l\u00e7e 2. Ba\u015fkan\u0131 olup halen K\u00fc\u00e7\u00fckgeri\u015f K\u00f6y\u00fc muhtarl\u0131k g\u00f6revini y\u00fcr\u00fctmekteyim.<\/p>\n\n\n<p class=\"has-black-color has-text-color has-medium-font-size\">1999 senesinde kutsal say\u0131p hizmete ihtiyac\u0131 olan k\u00f6y\u00fcme halk\u0131n tamam\u0131n\u0131n deste\u011fini alarak muhtar se\u00e7ildim. K\u00f6y halk\u0131ma bu \u00f6zveri\u015fli davran\u0131\u015flar\u0131ndan dolay\u0131 sayg\u0131 ve sevgilerimi sunuyorum.<\/p>\n\n\n<p class=\"has-black-color has-text-color has-medium-font-size\">\u0130lk i\u015f olarak U\u011fur K\u00f6y ad\u0131 alt\u0131nda 2 par\u00e7aya ayr\u0131lan k\u00f6y\u00fcm\u00fcz\u00fc 2000 senesinde 2 sefer referandum yaparak tekrar bir k\u00f6y olarak birle\u015ftirmeyi sa\u011flad\u0131m. Bizlere bu konuda yard\u0131mc\u0131 olan iyi niyetli k\u00f6y halk\u0131na te\u015fekk\u00fcr ediyorum.<\/p>\n\n\n<p class=\"has-black-color has-text-color has-medium-font-size\">Ge\u00e7it vermeyen k\u00f6y yollar\u0131n\u0131n tamam\u0131n\u0131 onararak % 70 \u00e7ift ara\u00e7 yolu haline getirdik.<\/p>\n\n\n<p class=\"has-black-color has-text-color has-medium-font-size\">2000 y\u0131l\u0131nda t\u00fcm elektrik hatlar\u0131n\u0131n yenilenmesine sebep olan Giresun TEDA\u015e ve Salih Tural\u0131 Beyefendi\u2019ye sonsuz te\u015fekk\u00fcr ederim.<\/p>\n\n\n<p class=\"has-black-color has-text-color has-medium-font-size\">Y\u00f6remizde G\u00fclle\u011fen \u015eenli\u011fi tertipleyerek 5 sene k\u00f6y\u00fcm\u00fcz\u00fc kamuoyu ve toplum d\u00fczeyinde en iyi \u015fekilde temsil etmeyi ve tan\u0131tmay\u0131 sa\u011flad\u0131k.<\/p>\n\n\n<p class=\"has-black-color has-text-color has-medium-font-size\">Eski\u00e7it, Burunk\u00f6y, Harmanc\u0131k mahallelerimizle Demirci, Alata\u015f, Bayrambey \u2013 K\u00fc\u00e7\u00fckgeri\u015f ba\u011flant\u0131 yollar\u0131n\u0131n yap\u0131m\u0131n\u0131 ve trafi\u011fe a\u00e7\u0131lmas\u0131n\u0131 sa\u011flad\u0131k. Bu konuda bizlere yard\u0131mc\u0131 olan arazi sahiplerinden Hasan Yoleri, Veysel Karakaya, Mehmet Y\u0131ld\u0131z, Ali Osman Tural\u0131, \u015eevki \u00dcnl\u00fc ve t\u00fcm araz\u0131 sahiplerine sonsuz sayg\u0131lar sunar\u0131m.<\/p>\n\n\n<div class=\"wp-block-columns is-layout-flex wp-container-core-columns-is-layout-9d6595d7 wp-block-columns-is-layout-flex\">\n\n<div class=\"wp-block-column is-layout-flow wp-block-column-is-layout-flow\" style=\"flex-basis:33.33%\">\n<div class=\"wp-block-image\">\n<figure class=\"aligncenter size-large\"><img decoding=\"async\" src=\"https:\/\/www.kucukgeris.net\/iz\/muhtar\/cy02032025m01.png\" alt=\"\"\/><\/figure>\n<\/div>\n<\/div>\n\n\n<div class=\"wp-block-column is-layout-flow wp-block-column-is-layout-flow\" style=\"flex-basis:66.66%\">\n\n<div class=\"wp-block-columns is-layout-flex wp-container-core-columns-is-layout-9d6595d7 wp-block-columns-is-layout-flex\">\n\n<div class=\"wp-block-column is-layout-flow wp-block-column-is-layout-flow\"><\/div>\n\n<\/div>\n\n\n<div class=\"wp-block-columns is-layout-flex wp-container-core-columns-is-layout-9d6595d7 wp-block-columns-is-layout-flex\">\n\n<div class=\"wp-block-column is-layout-flow wp-block-column-is-layout-flow\">\n\n<p class=\"has-black-color has-text-color has-medium-font-size\">Cengiz Yaylam\u0131\u015f<\/p>\n\n\n<p class=\"has-black-color has-text-color\"><em>K\u00fc\u00e7\u00fckgeri\u015f K\u00f6y\u00fc (1999-2009) Muhtar\u0131<\/em><\/p>\n\n<\/div>\n\n<\/div>\n\n<\/div>\n\n<\/div>\n\n<\/div>\n<\/div>\n\n\n\n<div class=\"wp-block-columns is-layout-flex wp-container-core-columns-is-layout-9d6595d7 wp-block-columns-is-layout-flex\">\n<div class=\"wp-block-column is-layout-flow wp-block-column-is-layout-flow\" style=\"flex-basis:5%\"><\/div>\n\n\n\n<div class=\"wp-block-column is-layout-flow wp-block-column-is-layout-flow\" style=\"flex-basis:90%\"><div class=\"wp-block-image\">\n<figure class=\"aligncenter size-large\"><img decoding=\"async\" src=\"https:\/\/www.kucukgeris.net\/iz\/muhtar\/cy02032023f04.jpg\" alt=\"\u201cHizmet; g\u00f6n\u00fcl, maddiyat, maneviyat ve fedakarl\u0131k i\u015fidir\u201d diyen Cengiz Yaylam\u0131\u015f, muhtarl\u0131\u011f\u0131 g\u00f6revi s\u0131ras\u0131nda sosyal faaliyetlere maalesef yeterince zaman ve imkan ay\u0131ramad\u0131\u011f\u0131n\u0131 belirtti.\"\/><figcaption class=\"wp-element-caption\"><em>\u201cHizmet; g\u00f6n\u00fcl, maddiyat, maneviyat ve fedakarl\u0131k i\u015fidir\u201d diyen Cengiz Yaylam\u0131\u015f, muhtarl\u0131\u011f\u0131 g\u00f6revi s\u0131ras\u0131nda sosyal faaliyetlere maalesef yeterince zaman ve imkan ay\u0131ramad\u0131\u011f\u0131n\u0131 belirtti.<\/em><\/figcaption><\/figure>\n<\/div>\n\n\n<h3 class=\"wp-block-heading\"><strong>Do\u011fru bildi\u011fimden taviz vermedim<\/strong><\/h3>\n\n\n\n<p class=\"has-black-color has-text-color has-medium-font-size\">Okul problemimiz had safada iken sayg\u0131de\u011fer hem\u015fehrimiz H\u00fcseyin G\u00fcnayd\u0131n Beyefendi\u2019nin 150.000 dolar maddi katk\u0131s\u0131 ile birtak\u0131m k\u00f6t\u00fc niyetli insanlar\u0131n teredd\u00fctlerine ra\u011fmen 2002 y\u0131l\u0131nda 3 kat olarak imzalanan prokolde yaz\u0131l\u0131 4. maddesine uyarak in\u015faatta kullan\u0131lacak t\u00fcm kum ve \u00e7ak\u0131l\u0131n K\u00fc\u00e7\u00fckgeri\u015f Muhtarl\u0131\u011f\u0131\u2019nca temin edilece\u011fi ve yine protokol\u00fcn 5. maddesi gere\u011fince \u00fczerine bina in\u015fa edilecek arsan\u0131n d\u00fczenlemesi, temel ve kaz\u0131s\u0131 K\u00fc\u00e7\u00fckgeri\u015f Muhtarl\u0131\u011f\u0131\u2019nca temin edilece\u011fi ve yine \u00e7at\u0131 in\u015faat\u0131n\u0131n K\u00fc\u00e7\u00fckgeri\u015f Muhtarl\u0131\u011f\u0131\u2019nca kar\u015f\u0131lanaca\u011f\u0131 harfiyen uygulanarak okul in\u015faat\u0131n\u0131 2004 senesinde 5 kat olarak tamamlay\u0131p. 1. kat d\u00fc\u011f\u00fcn salonu, 2. kat yemekhane ve \u00e7ok ama\u00e7l\u0131 salon, 2. kat\u0131nda bir tane anas\u0131n\u0131f\u0131 ve 16 derslikli ilk\u00f6\u011fretim okulu olarak e\u011fitim ve \u00f6\u011fretime a\u00e7\u0131lmas\u0131n\u0131 sa\u011flad\u0131k. Okulun yap\u0131m\u0131nda eme\u011fi ge\u00e7en ba\u015fta Say\u0131n H\u00fcseyin G\u00fcnayd\u0131n Beyefendi\u2019ye sonsuz sayg\u0131 ve \u015f\u00fckranlar\u0131m\u0131 arz ediyorum.<\/p>\n\n\n\n<p class=\"has-black-color has-text-color has-medium-font-size\">K\u00f6y\u00fcm\u00fcz \u00c7apar Mahallesi Camii\u2019nin onar\u0131m\u0131 ve bir imam evi, K\u00f6y Camii yan\u0131nda \u00e7e\u015fme ve \u00e7ay oca\u011f\u0131 yap\u0131m\u0131nda maddi ve manevi eme\u011fi ge\u00e7en herkese sayg\u0131lar\u0131m\u0131 sunuyorum.<\/p>\n\n\n\n<p class=\"has-black-color has-text-color has-medium-font-size\">\u00c7apar Mahallemize 60 tonluk, Eski \u00c7it Mahallemize 40 tonluk, Orta Mahalle\u2019ye 20 tonluk su deposu kazand\u0131rmam\u0131za vesile olan K\u00f6y Hizmetleri \u0130l M\u00fcd\u00fcr\u00fc Say\u0131n Mustafa S\u00f6zeri Beyefendi\u2019ye, K\u00f6y Hizmetleri personeline ve k\u00f6y halk\u0131m\u0131za sonsuz sayg\u0131lar sunar\u0131m.<\/p>\n\n\n\n<p class=\"has-black-color has-text-color has-medium-font-size\">2007 senesinde tapu kadastro \u00e7al\u0131\u015fmalar\u0131n\u0131 ba\u015far\u0131 ile bitirilmi\u015f olup en k\u00fc\u00e7\u00fck bir anla\u015fmazl\u0131\u011fa meyil verilmemi\u015ftir. Bu konuda k\u00f6y halk\u0131m\u0131za, ihtiyar heyetimize ve bilirki\u015filere sonsuz te\u015fekk\u00fcrler ediyorum.<\/p>\n\n\n\n<p class=\"has-black-color has-text-color has-medium-font-size\">10 y\u0131ll\u0131k muhtarl\u0131k g\u00f6revim s\u0131ras\u0131nda kayda de\u011fer herhangi bir adli olay\u0131n meydana gelmemi\u015f olmas\u0131ndan b\u00fcy\u00fck memnuniyet duyuyorum.<\/p>\n\n\n\n<p class=\"has-black-color has-text-color has-medium-font-size\">Sosyal faaliyetlere yeterince zaman ve imkan ay\u0131ramaman\u0131n ezikli\u011fini ya\u015f\u0131yorum.<\/p>\n\n\n\n<p class=\"has-black-color has-text-color has-medium-font-size\">K\u00f6y\u00fcm\u00fcz\u00fcn gerek yol \u00e7al\u0131\u015fmalar\u0131nda, gerek okul in\u015faat\u0131 \u00e7al\u0131\u015fmalar\u0131nda bizleri yaln\u0131z b\u0131rakmayan iyi niyetli herkese ba\u015fta Valimiz Say\u0131n \u015e\u00fckr\u00fc Kocatepe ve Valimiz Say\u0131n Mustafa Ta\u015fkesen Beyefendilere, \u0130l\u00e7emiz Kaymakamlar\u0131ndan Say\u0131n \u00d6mer Adar, Say\u0131n U\u011fur Kolsuz, Say\u0131n Tamer Orhan Beyefendilere, K\u00f6y Hizmetleri \u0130l M\u00fcd\u00fcr\u00fc Say\u0131n Mustafa S\u00f6zeri, Say\u0131n Cumhur Meliko\u011flu, Say\u0131n Yal\u00e7\u0131n B\u0131\u00e7akc\u0131 Beyefendilere ve \u00f6zverili personellerine;<\/p>\n\n\n\n<p class=\"has-black-color has-text-color has-medium-font-size\">Manevi katk\u0131lar\u0131ndan dolay\u0131 Say\u0131n \u0130brahim \u00d6zkan \u00f6\u011fretmenimize ve de\u011ferli arkada\u015flar\u0131na sonsuz sayg\u0131 ve \u015f\u00fckranlar\u0131m\u0131 sunar, ba\u015far\u0131lar\u0131n\u0131n devam\u0131n\u0131 dilerim.<\/p>\n\n\n\n<p class=\"has-black-color has-text-color has-medium-font-size\">K\u00f6y\u00fcm\u00fcz\u00fcn tan\u0131t\u0131m\u0131nda bulunan Tempo TV sahibi Hakan Karaahmet Beyefendi\u2019ye ve \u00dclfet Han\u0131m\u2019a sayg\u0131lar\u0131m\u0131 sunar\u0131m.<\/p>\n\n\n\n<p class=\"has-black-color has-text-color has-medium-font-size\">Muhtarl\u0131\u011f\u0131m\u0131z\u0131n nazik davetini k\u0131rmay\u0131p k\u00f6y\u00fcm\u00fcze kadar gelerek halk\u0131m\u0131z\u0131n sa\u011fl\u0131k kontrol\u00fcnden ge\u00e7mesini sa\u011flayan, \u00f6\u011frencilere 100 \u00e7ift ayakkab\u0131, kitap, k\u0131rtasiye, ila\u00e7, yiyecek ve giyecek yard\u0131m\u0131nda bulunan Rotary Kul\u00fcb\u00fc\u2019ne, Say\u0131n Dr. Ufuk Eri\u015fen ve Say\u0131n Dr. Ali Ekmekci\u2019ye, 5 doktor \u2013 7 hem\u015fire \u2013 3 sa\u011fl\u0131k personeli arkada\u015flar\u0131na, k\u00f6y\u00fcm\u00fcze \u00e7ocuk park\u0131 kazand\u0131ran \u0130zmir Atat\u00fcrk\u00e7\u00fc D\u00fc\u015f\u00fcnce Derne\u011fi\u2019ne k\u00f6y\u00fcm\u00fcz ad\u0131na sonsuz sayg\u0131lar sunuyorum.<\/p>\n\n\n\n<p class=\"has-black-color has-text-color has-medium-font-size\">K\u00f6y\u00fcm\u00fcz\u00fc b\u00f6yle g\u00fczel bir siteye kavu\u015fturan Say\u0131n G\u00f6kay Ayg\u00fcn Beyefendi\u2019ye;<\/p>\n\n\n\n<p class=\"has-black-color has-text-color has-medium-font-size\">Uzakta da olsa k\u00f6y\u00fcn\u00fc ve okulunu unutmayan, 8 adet bilgisayar, 24 adet yemek masas\u0131, \u00e7ok say\u0131da sandalye ve okulun e\u011fitim \u00f6\u011fretim ara\u00e7 ve gere\u00e7lerini temin eden, maddi ve manevi desteklerini k\u00f6y\u00fcnden esirgemeyen, her f\u0131rsatta k\u00f6y\u00fc ile i\u00e7 i\u00e7e ya\u015fayan, k\u00f6y\u00fcne hizmet edebilme huzurunu ya\u015fayan Say\u0131n Sad\u0131k Torlak Beyefendi\u2019ye ve arkada\u015flar\u0131na sonsuz sayg\u0131lar\u0131m\u0131 sunar\u0131m.<\/p>\n\n\n\n<p class=\"has-black-color has-text-color has-medium-font-size\">K\u00f6y\u00fcm\u00fcze maddi ve manevi destek olmak isteyen iyi niyetli herkese, k\u00f6y\u00fc ad\u0131na ve toplum yarar\u0131na faydal\u0131 olmak isteyen ki\u015filere sayg\u0131lar\u0131m\u0131 sunar, sonsuz te\u015fekk\u00fcr ederim.<\/p>\n\n\n\n<p class=\"has-black-color has-text-color has-medium-font-size\">10 y\u0131ll\u0131k muhtarl\u0131k g\u00f6revim s\u0131ras\u0131nda k\u00f6y\u00fcme, k\u00f6y\u00fcm okuluna yard\u0131m eden ki\u015filerin isim listesini de alttaki tabloda ayr\u0131cal\u0131kl\u0131 olarak belirtmek istiyorum\u2026<\/p>\n\n\n\n<h4 class=\"wp-block-heading\"><strong>K\u00f6y\u00fcm\u00fcze Okul Yap\u0131m\u0131 \u0130\u00e7in Para Verenlerin Listesi<\/strong><\/h4>\n\n\n<div class=\"wp-block-image\">\n<figure class=\"aligncenter size-large\"><img decoding=\"async\" src=\"https:\/\/www.kucukgeris.net\/iz\/muhtar\/cy10082021f03.jpg\" alt=\"\"\/><\/figure>\n<\/div>\n\n\n<p class=\"has-black-color has-text-color has-medium-font-size\">10 y\u0131ll\u0131k g\u00f6revim s\u0131ras\u0131nda;<\/p>\n\n\n\n<p class=\"has-black-color has-text-color has-medium-font-size\"><strong>Devletimizin K\u00f6y\u00fcm\u00fcze Vermi\u015f Oldu\u011fu \u00d6denekler:<\/strong><\/p>\n\n\n\n<p class=\"has-black-color has-text-color has-medium-font-size\">2005 senesinde 1200 metrek\u00fcp okul istinat duvar\u0131n\u0131n yap\u0131lmas\u0131 i\u00e7in 20.000 TL, yine Say\u0131n Valimiz \u015e\u00fckr\u00fc Kocatepe Beyefendi\u2019nin katk\u0131lar\u0131 ile 4.000 TL \u00f6denmi\u015ftir.<\/p>\n\n\n\n<p class=\"has-black-color has-text-color has-medium-font-size\">2006 senesinde K\u00fc\u00e7\u00fckgeri\u015f, Alata\u015f, Demirci, Bayrambey ba\u011flant\u0131 yolunun a\u00e7\u0131lmas\u0131 i\u00e7in 8.000 TL.<\/p>\n\n\n\n<p class=\"has-black-color has-text-color has-medium-font-size\">2007 senesinde yol onar\u0131m\u0131 i\u00e7in 5.250 TL Muhtarl\u0131\u011f\u0131m\u0131za aktar\u0131lm\u0131\u015ft\u0131r.<\/p>\n\n\n\n<p class=\"has-black-color has-text-color has-medium-font-size\">Ayr\u0131ca 2008 y\u0131l\u0131nda \u0130l\u00e7e Kaymakam\u0131m\u0131z Say\u0131n Tamer Orhan Bey\u2019in \u00f6zverili katk\u0131lar\u0131 ile yakla\u015f\u0131k 1200 metre beton kaplama ve ayr\u0131ca 2 kilometre stabilize \u00e7al\u0131\u015fmalar\u0131 yap\u0131lm\u0131\u015f ve okul bah\u00e7esine 1000 metrekareye beton d\u00f6k\u00fclmesi i\u00e7in \u00e7imento verilerek \u00e7ak\u0131l ve kumu K\u00fc\u00e7\u00fckgeri\u015f Muhtarl\u0131\u011f\u0131\u2019nca kar\u015f\u0131lanm\u0131\u015f olup i\u015f\u00e7ili\u011fini k\u00f6y halk\u0131 taraf\u0131ndan yap\u0131larak \u00e7evre d\u00fczenlenmesi bitirilmi\u015ftir. Yine okulumuzun arka istinat duvar\u0131na 400 metrek\u00fcp duvar in\u015fa edilmi\u015ftir. Bu hizmetler K\u00f6ylere Hizmet G\u00f6t\u00fcrme Birli\u011fi ve Kaymakaml\u0131k taraf\u0131ndan kar\u015f\u0131lanm\u0131\u015ft\u0131r.<\/p>\n\n\n\n<h4 class=\"wp-block-heading\"><strong>K\u00f6y\u00fcm\u00fcze Yol Yap\u0131m\u0131 \u0130\u00e7in Yard\u0131m Edenlerin Listesi<\/strong><\/h4>\n\n\n\n<ul class=\"wp-block-list\">\n<li>Halil Yoleri \u2013 G\u00fczl\u00fck Mahallesi\u2019ne yap\u0131lan yol i\u00e7in : 800 TL<\/li>\n\n\n\n<li>Mehmet Tural\u0131 : 95 Euro<\/li>\n\n\n\n<li>\u0130smini vermek istemeyen \u00c7. Deniz : 400 TL<\/li>\n\n\n\n<li>Emin Tor taraf\u0131ndan Almanya\u2019dan toplanan : 300 Euro<\/li>\n\n\n\n<li>Tongu\u00e7 Avar : 150 TL<\/li>\n<\/ul>\n<\/div>\n\n\n\n<div class=\"wp-block-column is-layout-flow wp-block-column-is-layout-flow\" style=\"flex-basis:5%\"><\/div>\n<\/div>\n\n\n\n<div class=\"wp-block-columns is-layout-flex wp-container-core-columns-is-layout-9d6595d7 wp-block-columns-is-layout-flex\">\n<div class=\"wp-block-column is-layout-flow wp-block-column-is-layout-flow\" style=\"flex-basis:5%\"><\/div>\n\n\n\n<div class=\"wp-block-column is-layout-flow wp-block-column-is-layout-flow\" style=\"flex-basis:90%\">\n<p class=\"has-black-color has-text-color has-medium-font-size\">Muhtarl\u0131\u011f\u0131m\u0131n ve se\u00e7ilmi\u015fli\u011fimin sorumlulu\u011funu ta\u015f\u0131yarak toplum ve insanlar\u0131n \u00e7\u0131karlar\u0131n\u0131 d\u00fc\u015f\u00fcnerek, g\u00f6revimi d\u00fcr\u00fcst ve do\u011fru olarak, yasal ve y\u00fcr\u00fctme kurallar\u0131ndan taviz vermeyerek, idari birimlerle uyum i\u00e7erisinde ve yap\u0131lan hizmetlerin ge\u00e7ici de\u011fil, en az 50 y\u0131la hizmet edece\u011fini d\u00fc\u015f\u00fcnerek, do\u011fru bildi\u011fimden taviz vermeyip kar\u015f\u0131l\u0131k beklemeksizin, maddi ve manevi hi\u00e7bir fedakarl\u0131ktan ka\u00e7madan kal\u0131c\u0131 hizmetler yapmaya \u00e7al\u0131\u015ft\u0131m. K\u00f6y\u00fcm\u00fcz\u00fc y\u00f6remizde \u00f6rnek bir k\u00f6y haline getirmek i\u00e7in \u00fcst\u00fcn bir \u00e7aba g\u00f6sterdim. Mutlaka eksikliklerimiz de vard\u0131r, ama do\u011fru bildi\u011fim ve yap\u0131lmas\u0131 gereken hizmetlerden yap\u0131lamayanlar ve engel olunanlardan dolay\u0131 en az benim kadar vicdani sorunluluk ta\u015f\u0131malar\u0131n\u0131 ve k\u00f6y\u00fcm\u00fcze, maddi manevi her konuda yard\u0131mc\u0131 olmalar\u0131n\u0131 temenni ediyorum.<\/p>\n\n\n\n<p class=\"has-black-color has-text-color has-medium-font-size\">Hizmet g\u00f6n\u00fcl i\u015fidir, maddiyat i\u015fidir, maneviyat ve fedakarl\u0131k i\u015fidir. \u00c7o\u011fumuzun bu vicdani sorumlulu\u011fu ta\u015f\u0131d\u0131\u011f\u0131n\u0131 umuyorum. Bu dileklerimle K\u00f6y halk\u0131m\u0131za, maddi ve manevi eme\u011fi ge\u00e7en herkese sayg\u0131 ve sevgilerimi sunar, mutlu ve ayd\u0131nl\u0131k yar\u0131nlar temenni ederim.<\/p>\n\n\n\n<p class=\"has-black-color has-text-color has-medium-font-size\">Cengiz Yaylam\u0131\u015f<\/p>\n\n\n\n<p class=\"has-black-color has-text-color\"><em>K\u00fc\u00e7\u00fckgeri\u015f K\u00f6y\u00fc (1999-2009) Muhtar\u0131<\/em><\/p>\n<\/div>\n\n\n\n<div class=\"wp-block-column is-layout-flow wp-block-column-is-layout-flow\" style=\"flex-basis:5%\"><\/div>\n<\/div>\n","protected":false},"excerpt":{"rendered":"<p>Kendi kalemiyle g\u00f6revde bulundu\u011fu 18.04.1999 \u2013 29.03.2009 tarihleri aras\u0131ndaki 10 y\u0131l\u0131n de\u011ferlendirmesini bizlerle payla\u015fan, kendi \u00f6zele\u015ftirisini yapan Say\u0131n Cengiz Yaylam\u0131\u015f\u2019\u0131 k\u00f6y\u00fcm\u00fcz i\u00e7in yapm\u0131\u015f oldu\u011fu bu b\u00fcy\u00fck \u00e7al\u0131\u015fmalar\u0131ndan dolay\u0131 kutluyoruz. 1963, Ke\u015fap K\u00fc\u00e7\u00fckgeri\u015f K\u00f6y\u00fc do\u011fumluyum. \u0130lkokulu K\u00fc\u00e7\u00fckgeri\u015f K\u00f6y\u00fc\u2019nde, ortaokulu ve liseyi Ke\u015fap Lisesi\u2019nde bitirdim. 1980-1981 tarihinde askerlik g\u00f6revimi tamamlad\u0131ktan sonra ticaret hayat\u0131na at\u0131ld\u0131m. Evli ve 4<\/p>\n","protected":false},"author":1,"featured_media":0,"parent":0,"menu_order":0,"comment_status":"closed","ping_status":"closed","template":"page-fullwidth.php","meta":{"footnotes":""},"class_list":["post-49","page","type-page","status-publish","hentry"],"_links":{"self":[{"href":"https:\/\/www.kucukgeris.net\/index.php?rest_route=\/wp\/v2\/pages\/49","targetHints":{"allow":["GET"]}}],"collection":[{"href":"https:\/\/www.kucukgeris.net\/index.php?rest_route=\/wp\/v2\/pages"}],"about":[{"href":"https:\/\/www.kucukgeris.net\/index.php?rest_route=\/wp\/v2\/types\/page"}],"author":[{"embeddable":true,"href":"https:\/\/www.kucukgeris.net\/index.php?rest_route=\/wp\/v2\/users\/1"}],"replies":[{"embeddable":true,"href":"https:\/\/www.kucukgeris.net\/index.php?rest_route=%2Fwp%2Fv2%2Fcomments&post=49"}],"version-history":[{"count":0,"href":"https:\/\/www.kucukgeris.net\/index.php?rest_route=\/wp\/v2\/pages\/49\/revisions"}],"wp:attachment":[{"href":"https:\/\/www.kucukgeris.net\/index.php?rest_route=%2Fwp%2Fv2%2Fmedia&parent=49"}],"curies":[{"name":"wp","href":"https:\/\/api.w.org\/{rel}","templated":true}]}}