{"id":64,"date":"2023-03-03T00:01:15","date_gmt":"2023-03-02T21:01:15","guid":{"rendered":"https:\/\/www.kucukgeris.net\/?page_id=64"},"modified":"2026-03-26T16:57:57","modified_gmt":"2026-03-26T13:57:57","slug":"yuregimizdekiler","status":"publish","type":"page","link":"https:\/\/www.kucukgeris.net\/?page_id=64","title":{"rendered":"Y\u00fcre\u011fimizdekiler"},"content":{"rendered":"\n<div class=\"wp-block-columns is-layout-flex wp-container-core-columns-is-layout-9d6595d7 wp-block-columns-is-layout-flex\">\n<div class=\"wp-block-column is-layout-flow wp-block-column-is-layout-flow\" style=\"flex-basis:20%\"><\/div>\n\n\n\n<div class=\"wp-block-column is-layout-flow wp-block-column-is-layout-flow\" style=\"flex-basis:60%\">\n<h3 class=\"wp-block-heading has-text-align-center has-black-color has-text-color\">Kabe \u0130mam\u0131ndan Yasin-i \u015eerif<\/h3>\n\n\n\n<p><\/p>\n\n\n\n<div class=\"wp-block-columns is-layout-flex wp-container-core-columns-is-layout-9d6595d7 wp-block-columns-is-layout-flex\">\n<div class=\"wp-block-column is-layout-flow wp-block-column-is-layout-flow\" style=\"flex-basis:25%\"><\/div>\n\n\n\n<div class=\"wp-block-column is-layout-flow wp-block-column-is-layout-flow\" style=\"flex-basis:50%\">\n<figure class=\"wp-block-audio alignleft\"><audio controls src=\"https:\/\/www.kucukgeris.net\/iz\/kabir\/ses\/yasin.mp3\"><\/audio><\/figure>\n<\/div>\n\n\n\n<div class=\"wp-block-column is-layout-flow wp-block-column-is-layout-flow\" style=\"flex-basis:25%\"><\/div>\n<\/div>\n<\/div>\n\n\n\n<div class=\"wp-block-column is-layout-flow wp-block-column-is-layout-flow\" style=\"flex-basis:20%\"><\/div>\n<\/div>\n\n\n\n<div class=\"wp-block-columns is-layout-flex wp-container-core-columns-is-layout-9d6595d7 wp-block-columns-is-layout-flex\">\n<div class=\"wp-block-column is-layout-flow wp-block-column-is-layout-flow\" style=\"flex-basis:20%\"><\/div>\n\n\n\n<div class=\"wp-block-column is-layout-flow wp-block-column-is-layout-flow\" style=\"flex-basis:60%\">\n<h3 class=\"wp-block-heading has-text-align-center has-black-color has-text-color\">Hocaefendiden H\u00fcvallah\u00fcllezi Ayeti ve Dua<\/h3>\n\n\n\n<p><\/p>\n\n\n\n<div class=\"wp-block-columns is-layout-flex wp-container-core-columns-is-layout-9d6595d7 wp-block-columns-is-layout-flex\">\n<div class=\"wp-block-column is-layout-flow wp-block-column-is-layout-flow\" style=\"flex-basis:25%\"><\/div>\n\n\n\n<div class=\"wp-block-column is-layout-flow wp-block-column-is-layout-flow\" style=\"flex-basis:50%\">\n<figure class=\"wp-block-audio alignleft\"><audio controls src=\"https:\/\/www.kucukgeris.net\/iz\/kabir\/ses\/dua.mp3\"><\/audio><\/figure>\n<\/div>\n\n\n\n<div class=\"wp-block-column is-layout-flow wp-block-column-is-layout-flow\" style=\"flex-basis:25%\"><\/div>\n<\/div>\n<\/div>\n\n\n\n<div class=\"wp-block-column is-layout-flow wp-block-column-is-layout-flow\" style=\"flex-basis:20%\"><\/div>\n<\/div>\n\n\n\n<div class=\"wp-block-columns is-layout-flex wp-container-core-columns-is-layout-9d6595d7 wp-block-columns-is-layout-flex\">\n<div class=\"wp-block-column is-layout-flow wp-block-column-is-layout-flow\">\n<img decoding=\"async\" class=\"img-responsive\" src=\"https:\/\/www.kucukgeris.net\/iz\/vefat\/mt26032026vft.jpg\" \/>\n<img decoding=\"async\" class=\"img-responsive\" src=\"https:\/\/www.kucukgeris.net\/iz\/vefat\/si22032026vft.jpg\" \/>\n<img decoding=\"async\" class=\"img-responsive\" src=\"https:\/\/www.kucukgeris.net\/iz\/vefat\/sy25022026vft.jpg\" \/>\n<img decoding=\"async\" class=\"img-responsive\" src=\"https:\/\/www.kucukgeris.net\/iz\/vefat\/eb31012026vft.jpg\" \/>\n<img decoding=\"async\" class=\"img-responsive\" src=\"https:\/\/www.kucukgeris.net\/iz\/vefat\/ma21012026vft.jpg\" \/>\n<img decoding=\"async\" class=\"img-responsive\" src=\"https:\/\/www.kucukgeris.net\/iz\/vefat\/ma04012026vft.jpg\" \/>\n<img decoding=\"async\" class=\"img-responsive\" src=\"https:\/\/www.kucukgeris.net\/iz\/vefat\/ms30122025vft.jpg\" \/>\n<img decoding=\"async\" class=\"img-responsive\" src=\"https:\/\/www.kucukgeris.net\/iz\/vefat\/fy01122025vft.jpg\" \/>\n<img decoding=\"async\" class=\"img-responsive\" src=\"https:\/\/www.kucukgeris.net\/iz\/vefat\/nt01122025vft.jpg\" \/>\n<img decoding=\"async\" class=\"img-responsive\" src=\"https:\/\/www.kucukgeris.net\/iz\/vefat\/ik11102025vft.jpg\" \/>\n<img decoding=\"async\" class=\"img-responsive\" src=\"https:\/\/www.kucukgeris.net\/iz\/vefat\/ao30072025v.jpg\" \/>\n<img decoding=\"async\" class=\"img-responsive\" src=\"https:\/\/www.kucukgeris.net\/iz\/vefat\/gy03072025v.jpg\" \/>\n<img decoding=\"async\" class=\"img-responsive\" src=\"https:\/\/www.kucukgeris.net\/iz\/vefat\/aaa24062025v.jpg\" \/>\n<img decoding=\"async\" class=\"img-responsive\" src=\"https:\/\/www.kucukgeris.net\/iz\/vefat\/gy23062025v.jpg\" \/>\n<img decoding=\"async\" class=\"img-responsive\" src=\"https:\/\/www.kucukgeris.net\/iz\/vefat\/ty14062025v.jpg\" \/>\n<img decoding=\"async\" class=\"img-responsive\" src=\"https:\/\/www.kucukgeris.net\/iz\/vefat\/zb04062025v.jpg\" \/>\n<img decoding=\"async\" class=\"img-responsive\" src=\"https:\/\/www.kucukgeris.net\/iz\/vefat\/ro23052025v.jpg\" \/>\n<img decoding=\"async\" class=\"img-responsive\" src=\"https:\/\/www.kucukgeris.net\/iz\/vefat\/gd07052025v.jpg\" \/>\n<img decoding=\"async\" class=\"img-responsive\" src=\"https:\/\/www.kucukgeris.net\/iz\/vefat\/hs08042025v.jpg\" \/>\n<img decoding=\"async\" class=\"img-responsive\" src=\"https:\/\/www.kucukgeris.net\/iz\/vefat\/sb08042025v.jpg\" \/>\n<img decoding=\"async\" class=\"img-responsive\" src=\"https:\/\/www.kucukgeris.net\/iz\/vefat\/cb20022025v.jpg\" \/>\n<img decoding=\"async\" class=\"img-responsive\" src=\"https:\/\/www.kucukgeris.net\/iz\/vefat\/hd01022025v.jpg\" \/>\n<img decoding=\"async\" class=\"img-responsive\" src=\"https:\/\/www.kucukgeris.net\/iz\/vefat\/fa14012025v.jpg\" \/>\n<img decoding=\"async\" class=\"img-responsive\" src=\"https:\/\/www.kucukgeris.net\/iz\/vefat\/ti28122024v.jpg\" \/>\n<img decoding=\"async\" class=\"img-responsive\" src=\"https:\/\/www.kucukgeris.net\/iz\/vefat\/zi26122024v.jpg\" \/>\n<img decoding=\"async\" class=\"img-responsive\" src=\"https:\/\/www.kucukgeris.net\/iz\/vefat\/sy18122024v.jpg\" \/>\n<img decoding=\"async\" class=\"img-responsive\" src=\"https:\/\/www.kucukgeris.net\/iz\/vefat\/ea14122024v.jpg\" \/>\n<img decoding=\"async\" class=\"img-responsive\" src=\"https:\/\/www.kucukgeris.net\/iz\/vefat\/sy12122024v.jpg\" \/>\n<img decoding=\"async\" class=\"img-responsive\" src=\"https:\/\/www.kucukgeris.net\/iz\/vefat\/md30092024v.jpg\" \/>\n<img decoding=\"async\" class=\"img-responsive\" src=\"https:\/\/www.kucukgeris.net\/iz\/vefat\/ki03062024v.jpg\" \/>\n<img decoding=\"async\" class=\"img-responsive\" src=\"https:\/\/www.kucukgeris.net\/iz\/vefat\/aa29052024v.jpg\" \/>\n<img decoding=\"async\" class=\"img-responsive\" src=\"https:\/\/www.kucukgeris.net\/iz\/vefat\/ma28052024v.jpg\" \/> \n<img decoding=\"async\" class=\"img-responsive\" src=\"https:\/\/www.kucukgeris.net\/iz\/vefat\/fi29042024v.jpg\" \/>\n<img decoding=\"async\" class=\"img-responsive\" src=\"https:\/\/www.kucukgeris.net\/iz\/vefat\/za10042024v.jpg\" \/> \n<img decoding=\"async\" class=\"img-responsive\" src=\"https:\/\/www.kucukgeris.net\/iz\/vefat\/hay24032024v.jpg\" \/>\n<img decoding=\"async\" class=\"img-responsive\" src=\"https:\/\/www.kucukgeris.net\/iz\/vefat\/hd08032024v.jpg\" \/>\n<img decoding=\"async\" class=\"img-responsive\" src=\"https:\/\/www.kucukgeris.net\/iz\/vefat\/oz03032024v.jpg\" \/>\n<img decoding=\"async\" class=\"img-responsive\" src=\"https:\/\/www.kucukgeris.net\/iz\/vefat\/im11022024v.jpg\" \/>\n<img decoding=\"async\" class=\"img-responsive\" src=\"https:\/\/www.kucukgeris.net\/iz\/vefat\/ty04012024v.jpg\" \/>\n<img decoding=\"async\" class=\"img-responsive\" src=\"https:\/\/www.kucukgeris.net\/iz\/vefat\/yd24122023v.jpg\" \/> \n<img decoding=\"async\" class=\"img-responsive\" src=\"https:\/\/www.kucukgeris.net\/iz\/vefat\/ha14122023v.jpg\" \/>\n<img decoding=\"async\" class=\"img-responsive\" src=\"https:\/\/www.kucukgeris.net\/iz\/vefat\/as01122023v.jpg\" \/>\n<img decoding=\"async\" class=\"img-responsive\" src=\"https:\/\/www.kucukgeris.net\/iz\/vefat\/rd25112023v.jpg\" \/>\n<img decoding=\"async\" class=\"img-responsive\" src=\"https:\/\/www.kucukgeris.net\/iz\/vefat\/at26092023v.jpg\" \/> \n<img decoding=\"async\" class=\"img-responsive\" src=\"https:\/\/www.kucukgeris.net\/iz\/vefat\/pd03092023v.jpg\" \/> \n<img decoding=\"async\" class=\"img-responsive\" src=\"https:\/\/www.kucukgeris.net\/iz\/vefat\/oa19082023v.jpg\" \/>\n<img decoding=\"async\" class=\"img-responsive\" src=\"https:\/\/www.kucukgeris.net\/iz\/vefat\/cy25062023v.jpg\" \/> \n<img decoding=\"async\" class=\"img-responsive\" src=\"https:\/\/www.kucukgeris.net\/iz\/vefat\/ht14062023v.jpg\" \/>\n<img decoding=\"async\" class=\"img-responsive\" src=\"https:\/\/www.kucukgeris.net\/iz\/vefat\/fmk25052023v.jpg\" \/>\n<img decoding=\"async\" class=\"img-responsive\" src=\"https:\/\/www.kucukgeris.net\/iz\/vefat\/sa18052023v.jpg\" \/> \n<img decoding=\"async\" class=\"img-responsive\" src=\"https:\/\/www.kucukgeris.net\/iz\/vefat\/bo17052023v.jpg\" \/>\n<img decoding=\"async\" class=\"img-responsive\" src=\"https:\/\/www.kucukgeris.net\/iz\/vefat\/ed11042023v.jpg\" \/>\n<img decoding=\"async\" class=\"img-responsive\" src=\"https:\/\/www.kucukgeris.net\/iz\/vefat\/sb03042023v.jpg\" \/> \n<img decoding=\"async\" class=\"img-responsive\" src=\"https:\/\/www.kucukgeris.net\/iz\/vefat\/ek30032023v.jpg\" \/>\n<img decoding=\"async\" class=\"img-responsive\" src=\"https:\/\/www.kucukgeris.net\/iz\/vefat\/ka23012023v.jpg\" \/> \n<img decoding=\"async\" class=\"img-responsive\" src=\"https:\/\/www.kucukgeris.net\/iz\/vefat\/la23122022v.jpg\" \/>\n<img decoding=\"async\" class=\"img-responsive\" src=\"https:\/\/www.kucukgeris.net\/iz\/vefat\/et19122022v.jpg\" \/> \n<img decoding=\"async\" class=\"img-responsive\" src=\"https:\/\/www.kucukgeris.net\/iz\/vefat\/zb14122022v.jpg\" \/>\n<img decoding=\"async\" class=\"img-responsive\" src=\"https:\/\/www.kucukgeris.net\/iz\/vefat\/my09122022v.jpg\" \/> \n<img decoding=\"async\" class=\"img-responsive\" src=\"https:\/\/www.kucukgeris.net\/iz\/vefat\/fa10082022v.jpg\" \/>\n<img decoding=\"async\" class=\"img-responsive\" src=\"https:\/\/www.kucukgeris.net\/iz\/vefat\/aa03082022v.jpg\" \/> \n<img decoding=\"async\" class=\"img-responsive\" src=\"https:\/\/www.kucukgeris.net\/iz\/vefat\/ka02082022v.jpg\" \/>\n<img decoding=\"async\" class=\"img-responsive\" src=\"https:\/\/www.kucukgeris.net\/iz\/vefat\/gd15072022v.jpg\" \/> \n<img decoding=\"async\" class=\"img-responsive\" src=\"https:\/\/www.kucukgeris.net\/iz\/vefat\/fy11072022v.jpg\" \/>\n<img decoding=\"async\" class=\"img-responsive\" src=\"https:\/\/www.kucukgeris.net\/iz\/vefat\/yy28062022v.jpg\" \/> \n<img decoding=\"async\" class=\"img-responsive\" src=\"https:\/\/www.kucukgeris.net\/iz\/vefat\/dai17042022v.jpg\" \/>\n<img decoding=\"async\" class=\"img-responsive\" src=\"https:\/\/www.kucukgeris.net\/iz\/vefat\/hk21032022v.jpg\" \/> \n<img decoding=\"async\" class=\"img-responsive\" src=\"https:\/\/www.kucukgeris.net\/iz\/vefat\/ps21032022v.jpg\" \/>\n<img decoding=\"async\" class=\"img-responsive\" src=\"https:\/\/www.kucukgeris.net\/iz\/vefat\/st06032022v.jpg\" \/> \n<img decoding=\"async\" class=\"img-responsive\" src=\"https:\/\/www.kucukgeris.net\/iz\/vefat\/ma18022022v.jpg\" \/>\n<img decoding=\"async\" class=\"img-responsive\" src=\"https:\/\/www.kucukgeris.net\/iz\/vefat\/sas23012022v.jpg\" \/> \n<img decoding=\"async\" class=\"img-responsive\" src=\"https:\/\/www.kucukgeris.net\/iz\/vefat\/fab19012022v.jpg\" \/>\n<img decoding=\"async\" class=\"img-responsive\" src=\"https:\/\/www.kucukgeris.net\/iz\/vefat\/ky13012022v.jpg\" \/> \n<img decoding=\"async\" class=\"img-responsive\" src=\"https:\/\/www.kucukgeris.net\/iz\/vefat\/hk30122021v.jpg\" \/>\n<img decoding=\"async\" class=\"img-responsive\" src=\"https:\/\/www.kucukgeris.net\/iz\/vefat\/gst07122021v.jpg\" \/> \n<img decoding=\"async\" class=\"img-responsive\" src=\"https:\/\/www.kucukgeris.net\/iz\/vefat\/sc30112021v.jpg\" \/>\n<img decoding=\"async\" class=\"img-responsive\" src=\"https:\/\/www.kucukgeris.net\/iz\/vefat\/mi05112021v.jpg\" \/> \n<img decoding=\"async\" class=\"img-responsive\" src=\"https:\/\/www.kucukgeris.net\/iz\/vefat\/hy04112021v.jpg\" \/>\n<img decoding=\"async\" class=\"img-responsive\" src=\"https:\/\/www.kucukgeris.net\/iz\/vefat\/ad21102021v.jpg\" \/> \n<img decoding=\"async\" class=\"img-responsive\" src=\"https:\/\/www.kucukgeris.net\/iz\/vefat\/photo(09102021ay).jpg\" \/>\n<img decoding=\"async\" class=\"img-responsive\" src=\"https:\/\/www.kucukgeris.net\/iz\/vefat\/photo(mak01).jpg\" \/> \n<img decoding=\"async\" class=\"img-responsive\" src=\"https:\/\/www.kucukgeris.net\/iz\/vefat\/photo(fy01).jpg\" \/>\n<img decoding=\"async\" class=\"img-responsive\" src=\"https:\/\/www.kucukgeris.net\/iz\/vefat\/photo(1).jpg\" \/> \n<img decoding=\"async\" class=\"img-responsive\" src=\"https:\/\/www.kucukgeris.net\/iz\/vefat\/photo(2).jpg\" \/>\n<img decoding=\"async\" class=\"img-responsive\" src=\"https:\/\/www.kucukgeris.net\/iz\/vefat\/photo(3).jpg\" \/> \n<img decoding=\"async\" class=\"img-responsive\" src=\"https:\/\/www.kucukgeris.net\/iz\/vefat\/photo(4).jpg\" \/>\n<img decoding=\"async\" class=\"img-responsive\" src=\"https:\/\/www.kucukgeris.net\/iz\/vefat\/photo(sd01).jpg\" \/> \n<img decoding=\"async\" class=\"img-responsive\" src=\"https:\/\/www.kucukgeris.net\/iz\/vefat\/photo(5).jpg\" \/>\n<img decoding=\"async\" class=\"img-responsive\" src=\"https:\/\/www.kucukgeris.net\/iz\/vefat\/photo(6).jpg\" \/> \n<img decoding=\"async\" class=\"img-responsive\" src=\"https:\/\/www.kucukgeris.net\/iz\/vefat\/photo(oy01).jpg\" \/>\n<img decoding=\"async\" class=\"img-responsive\" src=\"https:\/\/www.kucukgeris.net\/iz\/vefat\/photo(7).jpg\" \/> \n<img decoding=\"async\" class=\"img-responsive\" src=\"https:\/\/www.kucukgeris.net\/iz\/vefat\/photo(8).jpg\" \/>\n<img decoding=\"async\" class=\"img-responsive\" src=\"https:\/\/www.kucukgeris.net\/iz\/vefat\/photo(9).jpg\" \/> \n<img decoding=\"async\" class=\"img-responsive\" src=\"https:\/\/www.kucukgeris.net\/iz\/vefat\/photo(10).jpg\" \/>\n<img decoding=\"async\" class=\"img-responsive\" src=\"https:\/\/www.kucukgeris.net\/iz\/vefat\/hi15042020v.jpg\" \/>\n<img decoding=\"async\" class=\"img-responsive\" src=\"https:\/\/www.kucukgeris.net\/iz\/vefat\/photo(11).jpg\" \/> \n<img decoding=\"async\" class=\"img-responsive\" src=\"https:\/\/www.kucukgeris.net\/iz\/vefat\/photo(12).jpg\" \/>\n<img decoding=\"async\" class=\"img-responsive\" src=\"https:\/\/www.kucukgeris.net\/iz\/vefat\/photo(13).jpg\" \/> \n<img decoding=\"async\" class=\"img-responsive\" src=\"https:\/\/www.kucukgeris.net\/iz\/vefat\/photo(14).jpg\" \/>\n<\/div>\n<\/div>\n\n\n\n<div class=\"wp-block-columns is-layout-flex wp-container-core-columns-is-layout-9d6595d7 wp-block-columns-is-layout-flex\">\n<div class=\"wp-block-column is-layout-flow wp-block-column-is-layout-flow\" style=\"flex-basis:33.33%\"><\/div>\n\n\n\n<div class=\"wp-block-column is-layout-flow wp-block-column-is-layout-flow\" style=\"flex-basis:66.66%\">\n<p class=\"has-black-color has-text-color has-background has-medium-font-size\" style=\"background-color:#d8d8d8\">Ocak 2020 tarihinden itibaren Hakk&#8217;\u0131n rahmetine kavu\u015fan k\u00f6yl\u00fclerimiz Y\u00fcre\u011fimizdekiler sayfam\u0131zda yer almaktad\u0131r. 2020 y\u0131l\u0131 \u00f6ncesine ait elimizde bir kaynak ve belge bulunmamaktad\u0131r.<\/p>\n<\/div>\n<\/div>\n","protected":false},"excerpt":{"rendered":"<p>Kabe \u0130mam\u0131ndan Yasin-i \u015eerif Hocaefendiden H\u00fcvallah\u00fcllezi Ayeti ve Dua Ocak 2020 tarihinden itibaren Hakk&#8217;\u0131n rahmetine kavu\u015fan k\u00f6yl\u00fclerimiz Y\u00fcre\u011fimizdekiler sayfam\u0131zda yer almaktad\u0131r. 2020 y\u0131l\u0131 \u00f6ncesine ait elimizde bir kaynak ve belge bulunmamaktad\u0131r.<\/p>\n","protected":false},"author":1,"featured_media":0,"parent":0,"menu_order":0,"comment_status":"closed","ping_status":"closed","template":"page-fullwidth.php","meta":{"footnotes":""},"class_list":["post-64","page","type-page","status-publish","hentry"],"_links":{"self":[{"href":"https:\/\/www.kucukgeris.net\/index.php?rest_route=\/wp\/v2\/pages\/64","targetHints":{"allow":["GET"]}}],"collection":[{"href":"https:\/\/www.kucukgeris.net\/index.php?rest_route=\/wp\/v2\/pages"}],"about":[{"href":"https:\/\/www.kucukgeris.net\/index.php?rest_route=\/wp\/v2\/types\/page"}],"author":[{"embeddable":true,"href":"https:\/\/www.kucukgeris.net\/index.php?rest_route=\/wp\/v2\/users\/1"}],"replies":[{"embeddable":true,"href":"https:\/\/www.kucukgeris.net\/index.php?rest_route=%2Fwp%2Fv2%2Fcomments&post=64"}],"version-history":[{"count":13,"href":"https:\/\/www.kucukgeris.net\/index.php?rest_route=\/wp\/v2\/pages\/64\/revisions"}],"predecessor-version":[{"id":482,"href":"https:\/\/www.kucukgeris.net\/index.php?rest_route=\/wp\/v2\/pages\/64\/revisions\/482"}],"wp:attachment":[{"href":"https:\/\/www.kucukgeris.net\/index.php?rest_route=%2Fwp%2Fv2%2Fmedia&parent=64"}],"curies":[{"name":"wp","href":"https:\/\/api.w.org\/{rel}","templated":true}]}}